{"id":924,"date":"2016-03-31T16:43:42","date_gmt":"2016-03-31T14:43:42","guid":{"rendered":"http:\/\/allergisidan.com\/recept\/cookie-policy\/"},"modified":"2018-12-28T12:08:43","modified_gmt":"2018-12-28T11:08:43","slug":"cookie-policy","status":"publish","type":"page","link":"https:\/\/allergisidan.nu\/recept\/cookie-policy\/","title":{"rendered":"Om cookies"},"content":{"rendered":"<p>Den h\u00e4r siten anv\u00e4nder cookies. En cookie \u00e4r en liten textfil som placeras p\u00e5 din enhet (ex dator, mobil eller surfplatta) f\u00f6r att kunna h\u00e4mtas fr\u00e5n enheten vid ett senare bes\u00f6k. Vi anv\u00e4nder oss av tredjepartscookies i v\u00e5rt samarbete med Google Analytics som d\u00e5 kan visa mer relevanta annonser. Du kan enkelt ta del av, blockera eller avl\u00e4gsna cookies i din webbl\u00e4sare.<\/p>\n<p>Mer information om cookies:<br \/>\n<a href=\"https:\/\/www.google.com\/policies\/technologies\/cookies\/\">Google.com<\/a><br \/>\n<a href=\"http:\/\/www.minacookies.se\">Mina cookies<\/a><\/p>\n","protected":false},"excerpt":{"rendered":"<p>Den h\u00e4r siten anv\u00e4nder cookies. En cookie \u00e4r en liten textfil som placeras p\u00e5 din enhet (ex dator, mobil eller surfplatta) f\u00f6r att kunna h\u00e4mtas &hellip; <\/p>\n","protected":false},"author":1,"featured_media":0,"parent":0,"menu_order":0,"comment_status":"closed","ping_status":"closed","template":"","meta":{"footnotes":""},"class_list":["post-924","page","type-page","status-publish","hentry"],"yoast_head":"<!-- This site is optimized with the Yoast SEO plugin v27.4 - https:\/\/yoast.com\/product\/yoast-seo-wordpress\/ -->\n<title>Om cookies - ALLERGISIDAN<\/title>\n<meta name=\"robots\" content=\"noindex, follow\" \/>\n<meta property=\"og:locale\" content=\"sv_SE\" \/>\n<meta property=\"og:type\" content=\"article\" \/>\n<meta property=\"og:title\" content=\"Om cookies - ALLERGISIDAN\" \/>\n<meta property=\"og:description\" content=\"Den h\u00e4r siten anv\u00e4nder cookies. En cookie \u00e4r en liten textfil som placeras p\u00e5 din enhet (ex dator, mobil eller surfplatta) f\u00f6r att kunna h\u00e4mtas &hellip;\" \/>\n<meta property=\"og:url\" content=\"https:\/\/allergisidan.nu\/recept\/cookie-policy\/\" \/>\n<meta property=\"og:site_name\" content=\"ALLERGISIDAN\" \/>\n<meta property=\"article:publisher\" content=\"https:\/\/www.facebook.com\/allergisidan\/\" \/>\n<meta property=\"article:modified_time\" content=\"2018-12-28T11:08:43+00:00\" \/>\n<meta name=\"twitter:card\" content=\"summary_large_image\" \/>\n<script type=\"application\/ld+json\" class=\"yoast-schema-graph\">{\"@context\":\"https:\\\/\\\/schema.org\",\"@graph\":[{\"@type\":\"WebPage\",\"@id\":\"https:\\\/\\\/allergisidan.nu\\\/recept\\\/cookie-policy\\\/\",\"url\":\"https:\\\/\\\/allergisidan.nu\\\/recept\\\/cookie-policy\\\/\",\"name\":\"Om cookies - ALLERGISIDAN\",\"isPartOf\":{\"@id\":\"https:\\\/\\\/allergisidan.nu\\\/recept\\\/#website\"},\"datePublished\":\"2016-03-31T14:43:42+00:00\",\"dateModified\":\"2018-12-28T11:08:43+00:00\",\"breadcrumb\":{\"@id\":\"https:\\\/\\\/allergisidan.nu\\\/recept\\\/cookie-policy\\\/#breadcrumb\"},\"inLanguage\":\"sv-SE\",\"potentialAction\":[{\"@type\":\"ReadAction\",\"target\":[\"https:\\\/\\\/allergisidan.nu\\\/recept\\\/cookie-policy\\\/\"]}]},{\"@type\":\"BreadcrumbList\",\"@id\":\"https:\\\/\\\/allergisidan.nu\\\/recept\\\/cookie-policy\\\/#breadcrumb\",\"itemListElement\":[{\"@type\":\"ListItem\",\"position\":1,\"name\":\"Hem\",\"item\":\"https:\\\/\\\/allergisidan.nu\\\/recept\\\/\"},{\"@type\":\"ListItem\",\"position\":2,\"name\":\"Om cookies\"}]},{\"@type\":\"WebSite\",\"@id\":\"https:\\\/\\\/allergisidan.nu\\\/recept\\\/#website\",\"url\":\"https:\\\/\\\/allergisidan.nu\\\/recept\\\/\",\"name\":\"ALLERGISIDAN\",\"description\":\"Recept f\u00f6r dig som \u00e4r allergisk mot mj\u00f6lk, soja, n\u00f6tter, mandel och \u00e4gg\",\"potentialAction\":[{\"@type\":\"SearchAction\",\"target\":{\"@type\":\"EntryPoint\",\"urlTemplate\":\"https:\\\/\\\/allergisidan.nu\\\/recept\\\/?s={search_term_string}\"},\"query-input\":{\"@type\":\"PropertyValueSpecification\",\"valueRequired\":true,\"valueName\":\"search_term_string\"}}],\"inLanguage\":\"sv-SE\"}]}<\/script>\n<!-- \/ Yoast SEO plugin. -->","yoast_head_json":{"title":"Om cookies - ALLERGISIDAN","robots":{"index":"noindex","follow":"follow"},"og_locale":"sv_SE","og_type":"article","og_title":"Om cookies - ALLERGISIDAN","og_description":"Den h\u00e4r siten anv\u00e4nder cookies. En cookie \u00e4r en liten textfil som placeras p\u00e5 din enhet (ex dator, mobil eller surfplatta) f\u00f6r att kunna h\u00e4mtas &hellip;","og_url":"https:\/\/allergisidan.nu\/recept\/cookie-policy\/","og_site_name":"ALLERGISIDAN","article_publisher":"https:\/\/www.facebook.com\/allergisidan\/","article_modified_time":"2018-12-28T11:08:43+00:00","twitter_card":"summary_large_image","schema":{"@context":"https:\/\/schema.org","@graph":[{"@type":"WebPage","@id":"https:\/\/allergisidan.nu\/recept\/cookie-policy\/","url":"https:\/\/allergisidan.nu\/recept\/cookie-policy\/","name":"Om cookies - ALLERGISIDAN","isPartOf":{"@id":"https:\/\/allergisidan.nu\/recept\/#website"},"datePublished":"2016-03-31T14:43:42+00:00","dateModified":"2018-12-28T11:08:43+00:00","breadcrumb":{"@id":"https:\/\/allergisidan.nu\/recept\/cookie-policy\/#breadcrumb"},"inLanguage":"sv-SE","potentialAction":[{"@type":"ReadAction","target":["https:\/\/allergisidan.nu\/recept\/cookie-policy\/"]}]},{"@type":"BreadcrumbList","@id":"https:\/\/allergisidan.nu\/recept\/cookie-policy\/#breadcrumb","itemListElement":[{"@type":"ListItem","position":1,"name":"Hem","item":"https:\/\/allergisidan.nu\/recept\/"},{"@type":"ListItem","position":2,"name":"Om cookies"}]},{"@type":"WebSite","@id":"https:\/\/allergisidan.nu\/recept\/#website","url":"https:\/\/allergisidan.nu\/recept\/","name":"ALLERGISIDAN","description":"Recept f\u00f6r dig som \u00e4r allergisk mot mj\u00f6lk, soja, n\u00f6tter, mandel och \u00e4gg","potentialAction":[{"@type":"SearchAction","target":{"@type":"EntryPoint","urlTemplate":"https:\/\/allergisidan.nu\/recept\/?s={search_term_string}"},"query-input":{"@type":"PropertyValueSpecification","valueRequired":true,"valueName":"search_term_string"}}],"inLanguage":"sv-SE"}]}},"jetpack_sharing_enabled":true,"_links":{"self":[{"href":"https:\/\/allergisidan.nu\/recept\/wp-json\/wp\/v2\/pages\/924","targetHints":{"allow":["GET"]}}],"collection":[{"href":"https:\/\/allergisidan.nu\/recept\/wp-json\/wp\/v2\/pages"}],"about":[{"href":"https:\/\/allergisidan.nu\/recept\/wp-json\/wp\/v2\/types\/page"}],"author":[{"embeddable":true,"href":"https:\/\/allergisidan.nu\/recept\/wp-json\/wp\/v2\/users\/1"}],"replies":[{"embeddable":true,"href":"https:\/\/allergisidan.nu\/recept\/wp-json\/wp\/v2\/comments?post=924"}],"version-history":[{"count":1,"href":"https:\/\/allergisidan.nu\/recept\/wp-json\/wp\/v2\/pages\/924\/revisions"}],"predecessor-version":[{"id":926,"href":"https:\/\/allergisidan.nu\/recept\/wp-json\/wp\/v2\/pages\/924\/revisions\/926"}],"wp:attachment":[{"href":"https:\/\/allergisidan.nu\/recept\/wp-json\/wp\/v2\/media?parent=924"}],"curies":[{"name":"wp","href":"https:\/\/api.w.org\/{rel}","templated":true}]}}