{"id":911,"date":"2016-03-28T21:27:29","date_gmt":"2016-03-28T19:27:29","guid":{"rendered":"http:\/\/allergisidan.com\/recept\/?page_id=911"},"modified":"2020-07-05T18:48:13","modified_gmt":"2020-07-05T16:48:13","slug":"var-berattelse","status":"publish","type":"page","link":"https:\/\/allergisidan.nu\/recept\/var-berattelse\/","title":{"rendered":"V\u00e5r ber\u00e4ttelse"},"content":{"rendered":"<p>N\u00e4r lilltjejen var runt en m\u00e5nad gammal blev hon alldeles prickig och hade stora hudrodnader p\u00e5 hela kroppen. F\u00f6rst trodde jag att det var hormonprickar och det kanske det var till en b\u00f6rjan, men de f\u00f6rsvann aldrig. Jag misst\u00e4nkte d\u00e5 att det berodde p\u00e5 n\u00e5gonting som jag \u00e5t och provade att ta bort s\u00e5dant som jag visste kunde vara allergiframkallande som exempelvis tomat, jordgubbe och apelsin. Hon sov v\u00e4ldigt d\u00e5ligt under den h\u00e4r perioden, hon sov ungef\u00e4r 30 minuter i n\u00e4r hon sov. Hon vaknade ocks\u00e5 v\u00e4ldigt mycket p\u00e5 n\u00e4tterna. Men det var ju inte s\u00e5 konstigt f\u00f6r det kliade p\u00e5 henne. Ibland kliade hon sig blodig \ud83d\ude41 Hon vaknade ofta med ett gallskrik och det v\u00e4rsta hon visste var att ligga i vagnen. Det blev nog varmt och irriterade huden och utslage.<\/p>\n<p>Jag provade att ta bort fisk, \u00e4gg, kaffe, choklad i perioder, men hennes eksem blev inte b\u00e4ttre. Vissa dagar kunde det vara j\u00e4ttebra och hon hade n\u00e4stan inget eksem alls och n\u00e4sta dag kunde hon blossa r\u00f6d, framf\u00f6r allt i arm- och benveck och p\u00e5 br\u00f6st och kinder. Jag funderade p\u00e5 om hon kunde vara allergisk mot bl\u00f6jor, tv\u00e4ttmedel, badoljan etc. och jag bytte sorter och f\u00f6rs\u00f6kte hitta n\u00e5got som skulle passa b\u00e4ttre. Jag hade sedan b\u00f6rjan endast anv\u00e4nt oparfymerade produkter till mina barn, men \u00e4ven dessa produkter kan inneh\u00e5lla \u00e4mnen som man \u00e4r allergisk emot. Ush, det var en p\u00e5frestande tid och jag br\u00f6t vissa dagar ihop och gr\u00e4t\u2026<\/p>\n<p>Tyv\u00e4rr trodde jag att laktosintolerans och mj\u00f6lkallergi var samma sak och eftersom jag visste att laktosintolerans ger ont i magen, trodde jag inte att det var mj\u00f6lken som gav henne symptom. N\u00e4r jag r\u00e5dfr\u00e5gade p\u00e5 BVC sa sk\u00f6terskan att jag endast kunde prova mig fram och skrev ut en mild kortisonsalva, Mildison, till eksemet. Vi sm\u00f6rjde och sm\u00f6rjde och eksemet blev lite b\u00e4ttre, men s\u00e5 blossade det upp igen.<\/p>\n<p>N\u00e4r lilltjejen blev 5 m\u00e5nader fick hon en smakportion av Findus havregr\u00f6t. Vi b\u00f6rjade med ca \u00bd tesked, det r\u00e4ckte f\u00f6r att ca 30 sekunder senare t\u00e4cka henne med n\u00e4sselutslag i ansikte, hals, br\u00f6st och armar. Hon svullnade \u00e4ven upp runt \u00f6gonen och kaskadkr\u00e4ktes upp allt maginneh\u00e5ll. Svullnaden och utslagen la sig efter ca en halvtimme. N\u00e5gonting i gr\u00f6ten var hon allts\u00e5 allergisk emot, kunde det vara n\u00e5gon olja\u2026..? Gluten och mj\u00f6lk kunde det inte vara eftersom det d\u00e5 skulle m\u00e4rkas p\u00e5 magen (trodde vi d\u00e5\u2026.). Ingen som vi pratade med f\u00f6rstod vad det kunde vara.<\/p>\n<p>N\u00e4r jag n\u00e4sta g\u00e5ng gick till BVC ber\u00e4ttade jag vad som hade h\u00e4nt och jag n\u00e4mnde ocks\u00e5 att hon inte fick ont i magen och det borde hon v\u00e4l f\u00e5tt om det skulle vara gluten eller mj\u00f6lk? Sk\u00f6terskan trodde tydligen ocks\u00e5 att man skulle f\u00e5 ont i magen n\u00e4r man reagerade p\u00e5 mj\u00f6lk, och sa ingenting om mj\u00f6lkproteinallergi (det h\u00e4r var \u00e5r 2000). Under den f\u00f6ljande m\u00e5naden fortsatte vi med att ge smakportioner av gr\u00f6nsaker och jag ammade som vanligt, vi provade att ge vanlig havregrynsgr\u00f6t och det gick bra f\u00f6rutom att hon inte tyckte att det var s\u00e4rskilt gott :o)<\/p>\n<p>N\u00e4r hon var ca 6 m\u00e5nader provade vi med Semper risgr\u00f6t, men hon fick genast n\u00e4sselutslag och svullnad runt \u00f6gonen, den h\u00e4r g\u00e5ngen kr\u00e4ktes hon inte. Hon fick inte f\u00e4rdiggr\u00f6t mer, vi gav henne ist\u00e4llet havregrynsgr\u00f6t som hon nu b\u00f6rjade v\u00e4nja sig vid. Hon fick under den h\u00e4r tiden fram tills hon var ca 8 m\u00e5nader oftast hemlagad mat och k\u00f6pte vi burkar var det 5- och 6-m\u00e5naders burkar, jag ammade fortfarande helt eftersom hon inte \u00e5t gr\u00f6t eller v\u00e4lling. Under denna period var det sommar och vi flyttade och hennes eksem f\u00f6rsvann n\u00e4stan helt under ett par m\u00e5nader. Hon fick ibland lite yoghurt eller fil blandat med n\u00e5gon frukt men antagligen var det s\u00e5 lite att hon inte visade reaktion (eksem hade hon f\u00f6rst\u00e5s&#8230;)<\/p>\n<h3>Allergisk mot mj\u00f6lk<\/h3>\n<p>N\u00e4r hon var runt 8 m\u00e5nader b\u00f6rjade vi lite sm\u00e5tt med 8-m\u00e5naders burkar och vi m\u00e4rkte ibland att hon fick lite prickar efter att hon hade \u00e4tit och hennes eksem blev v\u00e4rre, vi t\u00e4nkte att det kunde vara tomat och andra r\u00f6da gr\u00f6nsaker och frukter och vi undvek det och eksemen blev lite b\u00e4ttre. Jag skulle b\u00f6rja arbeta halvtid under sommaren, och jag arbetade kv\u00e4llar och helger. D\u00e4rf\u00f6r beh\u00f6vde vi ett alternativ till br\u00f6stmj\u00f6lken om hon skulle vilja ha n\u00e5got p\u00e5 kv\u00e4llen. Eftersom barnv\u00e4lling inneh\u00e5ller i stort sett samma ingredienser som f\u00e4rdiggr\u00f6tarna var det uteslutet. Jag provade d\u00e4rf\u00f6r vid den h\u00e4r tiden att ta i lite mj\u00f6lk i hennes havregrynsgr\u00f6t, f\u00f6r att sedan kanske kunna g\u00f6ra egen v\u00e4lling med andra v\u00e4llingpulver som finns i butik. Men vips s\u00e5 var n\u00e4sselutslagen och \u00f6gonsvullnaden tillbaka. D\u00e5 visste jag att det var mj\u00f6lken!<\/p>\n<p>N\u00e4r jag visste vad jag skulle s\u00f6ka efter gick jag in p\u00e5 internet och hittade information d\u00e4r och stod klart och tydligt att n\u00e5gra av symptomen f\u00f6r komj\u00f6lksproteinallergi kunde vara n\u00e4sselutslag, \u00f6gonsvullnad och kr\u00e4kning. T\u00e4nk om jag \u00e4nd\u00e5 kunde ha h\u00f6rt det n\u00e5gon g\u00e5ng! Jag kom att t\u00e4nka p\u00e5 att under sommaren drack jag inte speciellt mycket mj\u00f6lk, utan mest vatten och juice &#8211; d\u00e4rf\u00f6r f\u00f6rsvann ocks\u00e5 hennes eksem. Eftersom vi flyttade och hamnade i en ny kommun fick hon komma till v\u00e5rt nya BVC p\u00e5 sin 10-m\u00e5naders kontroll och sk\u00f6terskan d\u00e4r sa direkt att det m\u00e5ste vara komj\u00f6lksproteinallergi. D\u00e5 visste jag ju redan det och hade redan tagit bort mj\u00f6lk i hennes kost, eftersom jag fortfarande ammade mycket och hon \u00e5t bra av \u00f6vrig mat var jag inte orolig f\u00f6r att hon inte skulle f\u00e5 i sig tillr\u00e4ckligt med n\u00e4rings\u00e4mnen och d\u00e5 speciellt kalcium. Vi fick en remiss f\u00f6r att komma p\u00e5 pricktest och 3 dagar f\u00f6re hennes 1-\u00e5rs dag fick vi tid.<\/p>\n<h3>Pricktest och 1-\u00e5rskalas<\/h3>\n<p>P\u00e5 pricktestet testade de mj\u00f6lk, soja och \u00e4gg och hon var allergisk emot alla tre! Det blev som en chock f\u00f6r mig, och n\u00e4r vi kom ut fr\u00e5n sjukhuset gr\u00e4t jag floder \ud83d\ude41 Mj\u00f6lken visste jag ju men soja och \u00e4gg ocks\u00e5! Fr\u00e5gor som d\u00f6k upp var hur g\u00f6r vi med maten, kommer hon att f\u00e5 i sig tillr\u00e4ckligt med kalcium och 1-\u00e5rs kalas utan glass??? Jag hade t\u00e4nkt att hon skulle f\u00e5 sojabaserad glass, men vad skulle vi hitta p\u00e5 nu!? Jag gjorde tillslut glass p\u00e5 gr\u00f6tris, vatten och vaniljsocker som jag kokade, mixade och fr\u00f6s in. Men dagen innan n\u00e4r jag stod och fixade gr\u00e4t jag ingen, f\u00f6r t\u00e4nk om hon inte tyckte om det! Hennes f\u00f6rsta f\u00f6delsedag f\u00e5r ju absolut INTE bli misslyckad!<\/p>\n<p>Men jag hade inte beh\u00f6vt oroa mig, hon tyckte att det var j\u00e4ttegott \ud83d\ude42 Hon fick hemgjord choklads\u00e5s och lite str\u00f6ssel till och hon s\u00e5g s\u00e5 glad och go ut n\u00e4r hon satt d\u00e4r och mumsade \ud83d\ude42<\/p>\n<h3>\u00c4ta samma mat<\/h3>\n<p>Det g\u00e5r faktiskt bra att utesluta dessa produkter som lilltjejen \u00e4r allergisk mot. Som tur \u00e4r finns det produkter att ers\u00e4tta exempelvis havrebaserad &#8221;mj\u00f6lk&#8221; och mj\u00f6lkfritt margarin vilket g\u00f6r det l\u00e4tt f\u00f6r oss att baka och laga mat. Hela familjen \u00e4ter samma mat, i b\u00f6rjan gjorde vi en r\u00e4tt till henne och en till oss, men eftersom det ibland spilldes och lilltjejen kunde f\u00e5 sig s\u00e5dant som hon inte borde \u00e4ta, b\u00f6rjade vi g\u00f6ra samma r\u00e4tter till hela familjen. Nu anpassar vi oss efter henne, det enda som skiljer sig \u00e4r att familjen dricker mj\u00f6lk till maten och hon havremj\u00f6lk.<\/p>\n<p>Det sv\u00e5ra \u00e4r n\u00e4r vi blir bortbjudna, de som \u00e4r n\u00e4rmast som mor- och farf\u00f6r\u00e4ldrar anpassar maten efter allergin men vi f\u00f6rv\u00e4ntar oss inte att alla g\u00f6r det. Vi tar med oss mat och kaffebr\u00f6d n\u00e4r vi blir bortbjudna eller n\u00e4r hon ska g\u00e5 p\u00e5 kalas. Det blir mycket passande, speciellt p\u00e5 barnkalas, eftersom glass och fika br\u00f6d st\u00e4nks och spills. Sv\u00e5rare blir det naturligtvis om ni \u00e4r fler i familjen med olika allergier eller n\u00e4r barnen blir st\u00f6rre och vill ha likadana godsaker som kompisarna.<\/p>\n<h3>Nya pricktest, allergireaktioner och nya allergier<\/h3>\n<p>N\u00e4r lilltjejen var 2 \u00e5r gjorde hon ett nytt pricktest, hon testades f\u00f6r samma saker som g\u00e5ngen innan, mj\u00f6lk, soja och \u00e4gg. D\u00e5 kunde vi glatt konstatera att hennes sojaallergi hade vuxit bort, hennes mj\u00f6lkallergi hade g\u00e5tt ner (fr\u00e5n en 5:a f\u00f6rra \u00e5ret till en 3:a i \u00e5r) hennes \u00e4ggallergi var i stort sett of\u00f6r\u00e4ndrad, en 4:a.<\/p>\n<p>V\u00e5r l\u00e4kare hade en f\u00f6rhoppning (och vi ocks\u00e5) om att allergierna skulle vara p\u00e5 v\u00e4g bort eftersom sojan inte visade n\u00e5gonting vid senaste testet och mj\u00f6lkpricken var mindre \u00e4n g\u00e5ngen innan, d\u00e4rf\u00f6r fick vi komma redan efter ett halv\u00e5r och g\u00f6ra testet igen. Nu var mj\u00f6lkpricken j\u00e4ttestor igen och dessutom har hon f\u00e5tt fler allergier, hon \u00e4r allergis mot katt, v\u00e5r l\u00e4kare tyckte d\u00e4rf\u00f6r att vi kunde v\u00e4nta ett \u00e5r innan vi testar igen.<\/p>\n<p>Vi hoppas att v\u00e5r lilla tjej s\u00e5 sm\u00e5ningom kommer att v\u00e4xa ifr\u00e5n sina allergier, men tyv\u00e4rr verkar det som om nya allergier fylls p\u00e5 \ud83d\ude41<\/p>\n<p>N\u00e4r hon var 2,5 \u00e5r fick hon i sig en kaka, som visserligen var mj\u00f6lk- och \u00e4ggfri, men inneh\u00f6ll mandel. Hon har aldrig f\u00e5tt n\u00f6tter och mandel tidigare. N\u00e5gon timme senare kr\u00e4ktes hon upp allt maginneh\u00e5ll och antagligen var det mandeln som hon reagerade mot. En vecka senare fick hon r\u00e5 morot, som hon \u00e4lskar och \u00e4ter ofta, men det slutade med att hennes armar och br\u00f6st var fyllda med n\u00e4ssleutslag \ud83d\ude41 Samtidigt blev hon snuvig och fick r\u00f6da och kliande \u00f6gon och eftersom det var i b\u00f6rjan av bj\u00f6rkpollens\u00e4songen b\u00e4vade jag f\u00f6r pollenallergi eftersom man d\u00e5 \u00e4ven kan korsreagera mot just mandel och morot.<\/p>\n<p>Eftersom lilltjejen reagerade med snuva och p\u00e5 mandel &amp; mor\u00f6tter precis vid bj\u00f6rkpollentiden testade vi f\u00f6rutom p\u00e5 mj\u00f6lk, \u00e4gg, soja och katt ocks\u00e5 p\u00e5 bj\u00f6rk, hasseln\u00f6tter och jordn\u00f6tter n\u00e4sta g\u00e5ng vi gjorde pricktest. Mandel och morot kunde vi inte ta pricktest p\u00e5 utan vi beh\u00f6vde ta ett blodprov, men eftersom vi skulle f\u00e5 v\u00e4nta 1 timme innan vi kunde ta provet och sedan i 2 veckor p\u00e5 resultatet gjorde vi i st\u00e4llet ett pricktest. Pricktestet visade som vanligt utslag p\u00e5 mj\u00f6lk, \u00e4gg och katt men ocks\u00e5 p\u00e5 hasseln\u00f6tter och bj\u00f6rkpollen. Sojan visade fortfarande negativt och det visade heller ingenting p\u00e5 jordn\u00f6tter. Vi kommer naturligtvis \u00e4nd\u00e5 att h\u00e5lla oss ifr\u00e5n \u00e4ven mandel och jordn\u00f6tter i forts\u00e4ttningen&#8230;..<\/p>\n<p><a href=\"http:\/\/allergisidan.com\/recept\/pricktest-och-allergi-mot-hasselnotter-och-bjorkpollen\/bjork\/\" rel=\"attachment wp-att-640\"><img loading=\"lazy\" decoding=\"async\" class=\"alignnone size-full wp-image-640\" src=\"http:\/\/allergisidan.com\/recept\/wp-content\/uploads\/2003\/06\/bj\u00f6rk.jpg\" alt=\"bj\u00f6rk\" width=\"404\" height=\"604\" srcset=\"https:\/\/allergisidan.nu\/recept\/wp-content\/uploads\/2003\/06\/bj\u00f6rk.jpg 404w, https:\/\/allergisidan.nu\/recept\/wp-content\/uploads\/2003\/06\/bj\u00f6rk-201x300.jpg 201w\" sizes=\"auto, (max-width: 404px) 100vw, 404px\" \/><\/a><\/p>\n<h3>Hon kan \u00e4ta mj\u00f6lkprodukter<\/h3>\n<p>N\u00e4r lilltjejen var 4 \u00e5r testade vi att ge henne ostbitar d\u00e5 och d\u00e5, vi b\u00f6rjade med pyttesm\u00e5 bitar och v\u00e5r l\u00e4kare tyckte att det var okej f\u00f6r oss att prova. Hennes pricktest visade dock ingen f\u00f6rb\u00e4ttring f\u00f6rra \u00e5ret s\u00e5 vi vet inte om hennes mj\u00f6lkallergi h\u00e5ller p\u00e5 att v\u00e4xa bort eller om det m\u00f6jligtvis kan vara s\u00e5 att hon inte \u00e4r allergisk mot alla proteiner i mj\u00f6lken utan endast mot vassle?! Jag pratade med en dietist som ber\u00e4ttade att n\u00e4r ost tillverkas tappas n\u00e4stan alla vassle bort (vassle \u00e4r det rinniga och kasein \u00e4r massan som man kan se n\u00e4r exempelvis mj\u00f6lk surnar). Dessutom \u00e4r vassle v\u00e4rmek\u00e4nsligt och f\u00f6r\u00e4ndras allts\u00e5 vid uppv\u00e4rmning (vid osttillverkning v\u00e4rms massan upp och vasslen tappas sedan av). Kanske \u00e4r detta f\u00f6rklaringen, vi f\u00e5r helt enkelt prova oss fram. Hon \u00e4lskar ost! Och nu kan hon \u00e4ta b\u00e5de en och tv\u00e5 skivor utan problem. Vi \u00e4r j\u00e4tteglada eftersom hon f\u00e5r i sig extra av b\u00e5de kalcium &amp; proteiner p\u00e5 k\u00f6pet.<\/p>\n<p>Senare fick hon prova yoghurt och fil utan symptom, hon fick till och med smaka gr\u00e4dde, jojo minsann \ud83d\ude09 och det var ju s\u00e5 hiiiiimla gott tyckte hon! Till och med egen t\u00e5rta med lite gr\u00e4dde fick hon, fortfarande med mj\u00f6lk- och \u00e4ggfri botten (nu \u00e4r man ju s\u00e5 van att baka mj\u00f6lkfritt och n\u00e4r det \u00e4nd\u00e5 skulle vara \u00e4ggfritt gick det av bara farten) med vispad gr\u00e4dde och jordgubbar p\u00e5 t\u00e5rtan, det var ingen d\u00e5lig syn n\u00e4r hon tog BAMSE- tuggor och lastade in i munnen! Det \u00e4r verkligen en h\u00e4rlig syn n\u00e4r man lever med allergier och n\u00e4r man pl\u00f6tsligt inte \u00e4r allergisk mot ett f\u00f6do\u00e4mne. \u00c4ven om vi tycker att det fungerar bra att leva med allergier, det blir v\u00e4l s\u00e5 n\u00e4r man har blivit van och lever med det, s\u00e5 \u00e4r det ju h\u00e4ftigt n\u00e4r man kan \u00e4ta n\u00e5got som man inte kunnat tidigare.<\/p>\n<h3>\u00c4gg av misstag<\/h3>\n<p>N\u00e4r lilltjejen var 4,5 \u00e5r fick hon av misstag i sig \u00e4gg n\u00e4r vi var i storasysters skola p\u00e5 fest. Hon \u00e5t lite av en muffins. Hon fortsatte att leka och efter en stund var det dags f\u00f6r en f\u00f6rest\u00e4llning inomhus och n\u00e4r vi satt d\u00e4r och tittade b\u00f6rjade hon bete sig annorlunda, hon sa att hon m\u00e5dde illa och n\u00e4r jag tittade till p\u00e5 hennes ansikte s\u00e5 var hon r\u00f6dblommig och hennes l\u00e4ppar hade svullnat. Hon blev d\u00e5sig s\u00e5 vi gjorde oss klara att \u00e5ka iv\u00e4g, d\u00e5 kr\u00e4ktes hon &#8211; kaskadkr\u00e4ktes.<\/p>\n<p>Det var j\u00e4ttel\u00e4skigt! Och inga mediciner hade vi hemma &#8211; det hade ju inte funnits n\u00e5gon anledning till mediciner hade l\u00e4karna menat p\u00e5 tidigare, vi hade Clarityn som vi k\u00f6pt f\u00f6r hennes pollenallergi, s\u00e5 det fick hon eftersom det \u00e4r en antihistamin. Nu fick vi Betapred och Anapen utskrivet. Jag \u00e4r s\u00e5 otroligt l\u00e4ttad att reaktionen inte blev v\u00e4rre, att det inte satte sig p\u00e5 andningen, vi bor ganska l\u00e5ngt ut p\u00e5 landet och det tar tid att komma till ett sjukhus. Hua vilken p\u00e4rs!<\/p>\n<h3>2016<\/h3>\n<p>Ja, det d\u00e4r var b\u00f6rjan p\u00e5 v\u00e5r ber\u00e4ttelse n\u00e4r v\u00e5r dotter kom till v\u00e4rlden och det visade sig att hon var allergisk mot diverse olika saker. Det var s\u00e5 jobbigt k\u00e4nslom\u00e4ssigt i b\u00f6rjan! Men vi l\u00e4rde oss leva med det och ju l\u00e4ngre tiden gick blev det en del av v\u00e5r vardag och det gick v\u00e4ldigt bra att laga mat och baka s\u00e5 hon kunde i princip f\u00e5 allt som alla andra \u00e5t (men med andra basvaror). Numera \u00e4r hon ton\u00e5ring och kan \u00e4ta en del mj\u00f6lkprodukter. Hennes tidigare pricktest fr\u00e5n hon var liten visade ju inget utslag p\u00e5 mj\u00f6lk och soja men hon kan \u00e4nd\u00e5 inte \u00e4ta allt. Vispad gr\u00e4dde \u00e4r ingen fr\u00f6jd f\u00f6r magen. Hon har provat en del sojabaserade produkter men tycker inte att de fungerar s\u00e5 bra och \u00e4ter helst havrebaserade produkter.\u00a0 Hon \u00e4r fortfarande allergisk mot n\u00f6tter, mandel, \u00e4gg, vissa p\u00e4lsdjur och bj\u00f6rkpollen (med korsreaktioner under pollens\u00e4song).<\/p>\n<p><strong>L\u00e4s mer om allergi\/intolerans:<\/strong><br \/>\nL\u00e4nkarna finns \u00e4ven i menyn under rubriken information. Menyn hittar du<em> till h\u00f6ger, <\/em>om du sitter <em>vid en dator<\/em>, eller <em>under inl\u00e4ggen<\/em>, om du sitter vid en <em>mobil\/l\u00e4splatta<\/em>.<\/p>\n<p><a href=\"http:\/\/allergisidan.com\/recept\/allergi\/mjolkallergi\/\">Mj\u00f6lkprotein<\/a> <strong><br \/>\n<\/strong><a href=\"http:\/\/allergisidan.com\/recept\/sojaallergi\/\">Sojaallergi<\/a> <strong><br \/>\n<\/strong><a href=\"http:\/\/allergisidan.com\/recept\/aggallergi\/\">\u00c4ggallergi<\/a> <strong><br \/>\n<\/strong><a href=\"http:\/\/allergisidan.com\/recept\/allergi\/notter-jordnotter-och-mandel\/\">N\u00f6tter, jordn\u00f6t, mandel, fr\u00f6n<\/a> <strong><br \/>\n<\/strong><a href=\"http:\/\/allergisidan.com\/recept\/allergi\/celiaki\/\">Celiaki \/ glutenintolerans<\/a><strong><br \/>\n<\/strong><a href=\"http:\/\/allergisidan.com\/recept\/pollen-korsreaktioner\/\">Pollen &amp; korsreaktioner<\/a><\/p>\n","protected":false},"excerpt":{"rendered":"<p>N\u00e4r lilltjejen var runt en m\u00e5nad gammal blev hon alldeles prickig och hade stora hudrodnader p\u00e5 hela kroppen. F\u00f6rst trodde jag att det var hormonprickar &hellip; <\/p>\n","protected":false},"author":1,"featured_media":0,"parent":0,"menu_order":0,"comment_status":"closed","ping_status":"closed","template":"","meta":{"footnotes":""},"class_list":["post-911","page","type-page","status-publish","hentry"],"yoast_head":"<!-- This site is optimized with the Yoast SEO plugin v27.4 - https:\/\/yoast.com\/product\/yoast-seo-wordpress\/ -->\n<title>V\u00e5r ber\u00e4ttelse - ALLERGISIDAN<\/title>\n<meta name=\"robots\" content=\"index, follow, max-snippet:-1, max-image-preview:large, max-video-preview:-1\" \/>\n<link rel=\"canonical\" href=\"https:\/\/allergisidan.nu\/recept\/var-berattelse\/\" \/>\n<meta property=\"og:locale\" content=\"sv_SE\" \/>\n<meta property=\"og:type\" content=\"article\" \/>\n<meta property=\"og:title\" content=\"V\u00e5r ber\u00e4ttelse - ALLERGISIDAN\" \/>\n<meta property=\"og:description\" content=\"N\u00e4r lilltjejen var runt en m\u00e5nad gammal blev hon alldeles prickig och hade stora hudrodnader p\u00e5 hela kroppen. F\u00f6rst trodde jag att det var hormonprickar &hellip;\" \/>\n<meta property=\"og:url\" content=\"https:\/\/allergisidan.nu\/recept\/var-berattelse\/\" \/>\n<meta property=\"og:site_name\" content=\"ALLERGISIDAN\" \/>\n<meta property=\"article:publisher\" content=\"https:\/\/www.facebook.com\/allergisidan\/\" \/>\n<meta property=\"article:modified_time\" content=\"2020-07-05T16:48:13+00:00\" \/>\n<meta property=\"og:image\" content=\"http:\/\/allergisidan.com\/recept\/wp-content\/uploads\/2003\/06\/bj\u00f6rk.jpg\" \/>\n<meta name=\"twitter:card\" content=\"summary_large_image\" \/>\n<meta name=\"twitter:label1\" content=\"Ber\u00e4knad l\u00e4stid\" \/>\n\t<meta name=\"twitter:data1\" content=\"14 minuter\" \/>\n<script type=\"application\/ld+json\" class=\"yoast-schema-graph\">{\"@context\":\"https:\\\/\\\/schema.org\",\"@graph\":[{\"@type\":\"WebPage\",\"@id\":\"https:\\\/\\\/allergisidan.nu\\\/recept\\\/var-berattelse\\\/\",\"url\":\"https:\\\/\\\/allergisidan.nu\\\/recept\\\/var-berattelse\\\/\",\"name\":\"V\u00e5r ber\u00e4ttelse - ALLERGISIDAN\",\"isPartOf\":{\"@id\":\"https:\\\/\\\/allergisidan.nu\\\/recept\\\/#website\"},\"datePublished\":\"2016-03-28T19:27:29+00:00\",\"dateModified\":\"2020-07-05T16:48:13+00:00\",\"breadcrumb\":{\"@id\":\"https:\\\/\\\/allergisidan.nu\\\/recept\\\/var-berattelse\\\/#breadcrumb\"},\"inLanguage\":\"sv-SE\",\"potentialAction\":[{\"@type\":\"ReadAction\",\"target\":[\"https:\\\/\\\/allergisidan.nu\\\/recept\\\/var-berattelse\\\/\"]}]},{\"@type\":\"BreadcrumbList\",\"@id\":\"https:\\\/\\\/allergisidan.nu\\\/recept\\\/var-berattelse\\\/#breadcrumb\",\"itemListElement\":[{\"@type\":\"ListItem\",\"position\":1,\"name\":\"Hem\",\"item\":\"https:\\\/\\\/allergisidan.nu\\\/recept\\\/\"},{\"@type\":\"ListItem\",\"position\":2,\"name\":\"V\u00e5r ber\u00e4ttelse\"}]},{\"@type\":\"WebSite\",\"@id\":\"https:\\\/\\\/allergisidan.nu\\\/recept\\\/#website\",\"url\":\"https:\\\/\\\/allergisidan.nu\\\/recept\\\/\",\"name\":\"ALLERGISIDAN\",\"description\":\"Recept f\u00f6r dig som \u00e4r allergisk mot mj\u00f6lk, soja, n\u00f6tter, mandel och \u00e4gg\",\"potentialAction\":[{\"@type\":\"SearchAction\",\"target\":{\"@type\":\"EntryPoint\",\"urlTemplate\":\"https:\\\/\\\/allergisidan.nu\\\/recept\\\/?s={search_term_string}\"},\"query-input\":{\"@type\":\"PropertyValueSpecification\",\"valueRequired\":true,\"valueName\":\"search_term_string\"}}],\"inLanguage\":\"sv-SE\"}]}<\/script>\n<!-- \/ Yoast SEO plugin. -->","yoast_head_json":{"title":"V\u00e5r ber\u00e4ttelse - ALLERGISIDAN","robots":{"index":"index","follow":"follow","max-snippet":"max-snippet:-1","max-image-preview":"max-image-preview:large","max-video-preview":"max-video-preview:-1"},"canonical":"https:\/\/allergisidan.nu\/recept\/var-berattelse\/","og_locale":"sv_SE","og_type":"article","og_title":"V\u00e5r ber\u00e4ttelse - ALLERGISIDAN","og_description":"N\u00e4r lilltjejen var runt en m\u00e5nad gammal blev hon alldeles prickig och hade stora hudrodnader p\u00e5 hela kroppen. F\u00f6rst trodde jag att det var hormonprickar &hellip;","og_url":"https:\/\/allergisidan.nu\/recept\/var-berattelse\/","og_site_name":"ALLERGISIDAN","article_publisher":"https:\/\/www.facebook.com\/allergisidan\/","article_modified_time":"2020-07-05T16:48:13+00:00","og_image":[{"url":"http:\/\/allergisidan.com\/recept\/wp-content\/uploads\/2003\/06\/bj\u00f6rk.jpg","type":"","width":"","height":""}],"twitter_card":"summary_large_image","twitter_misc":{"Ber\u00e4knad l\u00e4stid":"14 minuter"},"schema":{"@context":"https:\/\/schema.org","@graph":[{"@type":"WebPage","@id":"https:\/\/allergisidan.nu\/recept\/var-berattelse\/","url":"https:\/\/allergisidan.nu\/recept\/var-berattelse\/","name":"V\u00e5r ber\u00e4ttelse - ALLERGISIDAN","isPartOf":{"@id":"https:\/\/allergisidan.nu\/recept\/#website"},"datePublished":"2016-03-28T19:27:29+00:00","dateModified":"2020-07-05T16:48:13+00:00","breadcrumb":{"@id":"https:\/\/allergisidan.nu\/recept\/var-berattelse\/#breadcrumb"},"inLanguage":"sv-SE","potentialAction":[{"@type":"ReadAction","target":["https:\/\/allergisidan.nu\/recept\/var-berattelse\/"]}]},{"@type":"BreadcrumbList","@id":"https:\/\/allergisidan.nu\/recept\/var-berattelse\/#breadcrumb","itemListElement":[{"@type":"ListItem","position":1,"name":"Hem","item":"https:\/\/allergisidan.nu\/recept\/"},{"@type":"ListItem","position":2,"name":"V\u00e5r ber\u00e4ttelse"}]},{"@type":"WebSite","@id":"https:\/\/allergisidan.nu\/recept\/#website","url":"https:\/\/allergisidan.nu\/recept\/","name":"ALLERGISIDAN","description":"Recept f\u00f6r dig som \u00e4r allergisk mot mj\u00f6lk, soja, n\u00f6tter, mandel och \u00e4gg","potentialAction":[{"@type":"SearchAction","target":{"@type":"EntryPoint","urlTemplate":"https:\/\/allergisidan.nu\/recept\/?s={search_term_string}"},"query-input":{"@type":"PropertyValueSpecification","valueRequired":true,"valueName":"search_term_string"}}],"inLanguage":"sv-SE"}]}},"jetpack_sharing_enabled":true,"_links":{"self":[{"href":"https:\/\/allergisidan.nu\/recept\/wp-json\/wp\/v2\/pages\/911","targetHints":{"allow":["GET"]}}],"collection":[{"href":"https:\/\/allergisidan.nu\/recept\/wp-json\/wp\/v2\/pages"}],"about":[{"href":"https:\/\/allergisidan.nu\/recept\/wp-json\/wp\/v2\/types\/page"}],"author":[{"embeddable":true,"href":"https:\/\/allergisidan.nu\/recept\/wp-json\/wp\/v2\/users\/1"}],"replies":[{"embeddable":true,"href":"https:\/\/allergisidan.nu\/recept\/wp-json\/wp\/v2\/comments?post=911"}],"version-history":[{"count":36,"href":"https:\/\/allergisidan.nu\/recept\/wp-json\/wp\/v2\/pages\/911\/revisions"}],"predecessor-version":[{"id":1750,"href":"https:\/\/allergisidan.nu\/recept\/wp-json\/wp\/v2\/pages\/911\/revisions\/1750"}],"wp:attachment":[{"href":"https:\/\/allergisidan.nu\/recept\/wp-json\/wp\/v2\/media?parent=911"}],"curies":[{"name":"wp","href":"https:\/\/api.w.org\/{rel}","templated":true}]}}