{"id":882,"date":"2016-03-28T20:57:29","date_gmt":"2016-03-28T18:57:29","guid":{"rendered":"http:\/\/allergisidan.com\/recept\/?page_id=882"},"modified":"2020-07-05T11:02:06","modified_gmt":"2020-07-05T09:02:06","slug":"notter-jordnotter-och-mandel","status":"publish","type":"page","link":"https:\/\/allergisidan.nu\/recept\/allergi\/notter-jordnotter-och-mandel\/","title":{"rendered":"N\u00f6tter, jordn\u00f6t, mandel och fr\u00f6n"},"content":{"rendered":"<p>Allergi mot n\u00f6tter och jordn\u00f6tter \u00e4r en av de vanligaste allergierna i v\u00e4rlden och man v\u00e4xer oftast inte ifr\u00e5n dem.<\/p>\n<p>Jordn\u00f6ten, namnet till trots, \u00e4r inte en n\u00f6t utan en baljv\u00e4xt och \u00e4r sl\u00e4kt med \u00e4rtor, linser och sojab\u00f6nor. \u00c4r man allergisk mot jordn\u00f6tter reagerar man ofta p\u00e5 sojaprotein, det kalls f\u00f6r korsreaktion. Korsreaktioner f\u00f6rekommer inte mellan jordn\u00f6tter och n\u00f6tter men man kan vara allergisk mot b\u00e5de och.<\/p>\n<p><a href=\"https:\/\/www.livsmedelsverket.se\/matvanor-halsa--miljo\/sjukdomar-allergier-och-halsa\/allergi-och-overkanslighet\/notter-och-froer?AspxAutoDetectCookieSupport=1\">Livsmedelsverket<\/a> r\u00e4knar mandel, hasseln\u00f6t, valn\u00f6t, cashewn\u00f6t, pekann\u00f6t, paran\u00f6t, pistagemandel och makadamian\u00f6t som n\u00f6tter. Man har oftast en typ av allergi exempelvis mot hasseln\u00f6tter eller mandel, men man kan reagera p\u00e5 fler n\u00f6tter som \u00e4r besl\u00e4ktade.<\/p>\n<ul>\n<li>\u00c4r man allergisk mot hasseln\u00f6t kan man exempelvis f\u00e5 en korsreaktion p\u00e5 paran\u00f6t, valn\u00f6t och pekann\u00f6t.<\/li>\n<li>\u00c4r man allergisk mot cashewn\u00f6tter kan man f\u00e5 en korsreaktion p\u00e5 ros\u00e9peppar, mango och pistagemandel d\u00e5 de tillh\u00f6r samma botaniska familj.<\/li>\n<li>\u00c4r man pollenallergiker kan man f\u00e5 allergiska reaktioner p\u00e5 framf\u00f6rallt hasseln\u00f6t och mandel eftersom dessa inneh\u00e5ller allergener som liknar de som finns i bj\u00f6rkpollen.<\/li>\n<li>Mandel \u00e4r en stenfrukt och \u00e4r sl\u00e4kt med aprikoser (ofta f\u00f6rekommer aprikosk\u00e4rnor i bakverk), k\u00f6rsb\u00e4r, plommon och persikor, och som mandelallergiker kan man korsreagera mot dessa.<\/li>\n<li>\u00c4ven fr\u00f6n som sesam- och senapsfr\u00f6n kan utl\u00f6sa anafylaxi.<\/li>\n<li>En tabell med n\u00f6tter, fr\u00f6n och baljv\u00e4xter och deras botaniska sl\u00e4ktskap finns hos <a href=\"https:\/\/www.livsmedelsverket.se\/matvanor-halsa--miljo\/sjukdomar-allergier-och-halsa\/allergi-och-overkanslighet\/notter-och-froer?AspxAutoDetectCookieSupport=1\">Livsmedelsverket<\/a> (scrolla ner p\u00e5 sidan s\u00e5 hittar du den d\u00e4r).<\/li>\n<\/ul>\n<p>En allergisk reaktion kommer ofta snabbt och vanliga symtom \u00e4r kl\u00e5da i munnen, n\u00e4sselutslag, svullnad runt \u00f6gon och l\u00e4ppar, rinit (inflammation i slemhinnorna i n\u00e4san) och andningsbesv\u00e4r. I v\u00e4rsta fall kan n\u00f6t- eller jordn\u00f6tsallergi leda till anafylaktisk chock, som kan vara livshotande. Vissa n\u00f6tallergiker \u00e4r s\u00e5 k\u00e4nsliga att de inte kan vistas i samma rum som n\u00e5gon som \u00e4ter n\u00f6tter eller jordn\u00f6tter.<\/p>\n<p>Livsmedel som ofta eller alltid inneh\u00e5ller n\u00f6tter\/jordn\u00f6tter\/mandel: Bakverk, br\u00f6d, choklad, frukostflingor, glass, godis, kaffebr\u00f6d, kakor, konfektyr, mandelmassa, marsipan, m\u00fcsli, nougat, pesto, oljor som \u00e4r tillverkade av n\u00f6tter ex. valn\u00f6ts- och mandelolja, kan inneh\u00e5lla sp\u00e5r av proteiner.<\/p>\n<p><strong>L\u00e4s mer om allergi\/intolerans:<\/strong><br \/>\nL\u00e4nkarna finns \u00e4ven i menyn under rubriken information. Menyn hittar du<em> till h\u00f6ger, <\/em>om du sitter <em>vid en dator<\/em>, eller <em>under inl\u00e4ggen<\/em>, om du sitter vid en <em>mobil\/l\u00e4splatta<\/em>.<\/p>\n<p><a href=\"http:\/\/allergisidan.com\/recept\/var-berattelse\/\">V\u00e5r ber\u00e4ttelse<\/a><br \/>\n<a href=\"http:\/\/allergisidan.com\/recept\/allergi\/mjolkallergi\/\">Mj\u00f6lkprotein<\/a> <strong><br \/>\n<\/strong><a href=\"http:\/\/allergisidan.com\/recept\/sojaallergi\/\">Sojaallergi<\/a> <strong><br \/>\n<\/strong><a href=\"http:\/\/allergisidan.com\/recept\/aggallergi\/\">\u00c4ggallergi<\/a> <strong><br \/>\n<\/strong><a href=\"http:\/\/allergisidan.com\/recept\/allergi\/celiaki\/\">Celiaki \/ glutenintolerans<\/a><strong><br \/>\n<\/strong><a href=\"http:\/\/allergisidan.com\/recept\/pollen-korsreaktioner\/\">Pollen &amp; korsreaktioner<\/a><\/p>\n<p>Mer information finns p\u00e5 <a href=\"https:\/\/www.livsmedelsverket.se\/matvanor-halsa--miljo\/sjukdomar-allergier-och-halsa\/allergi-och-overkanslighet\/notter-och-froer?AspxAutoDetectCookieSupport=1\">Livsmedelsverket<\/a> och <a href=\"http:\/\/www.astmaoallergiforbundet.se\">Astma och Allergif\u00f6rbundet<\/a><\/p>\n","protected":false},"excerpt":{"rendered":"<p>Allergi mot n\u00f6tter och jordn\u00f6tter \u00e4r en av de vanligaste allergierna i v\u00e4rlden och man v\u00e4xer oftast inte ifr\u00e5n dem. Jordn\u00f6ten, namnet till trots, \u00e4r &hellip; <\/p>\n","protected":false},"author":1,"featured_media":0,"parent":864,"menu_order":0,"comment_status":"closed","ping_status":"closed","template":"","meta":{"footnotes":""},"class_list":["post-882","page","type-page","status-publish","hentry"],"yoast_head":"<!-- This site is optimized with the Yoast SEO plugin v27.4 - https:\/\/yoast.com\/product\/yoast-seo-wordpress\/ -->\n<title>N\u00f6tter, jordn\u00f6t, mandel och fr\u00f6n - ALLERGISIDAN<\/title>\n<meta name=\"robots\" content=\"index, follow, max-snippet:-1, max-image-preview:large, max-video-preview:-1\" \/>\n<link rel=\"canonical\" href=\"https:\/\/allergisidan.nu\/recept\/allergi\/notter-jordnotter-och-mandel\/\" \/>\n<meta property=\"og:locale\" content=\"sv_SE\" \/>\n<meta property=\"og:type\" content=\"article\" \/>\n<meta property=\"og:title\" content=\"N\u00f6tter, jordn\u00f6t, mandel och fr\u00f6n - ALLERGISIDAN\" \/>\n<meta property=\"og:description\" content=\"Allergi mot n\u00f6tter och jordn\u00f6tter \u00e4r en av de vanligaste allergierna i v\u00e4rlden och man v\u00e4xer oftast inte ifr\u00e5n dem. Jordn\u00f6ten, namnet till trots, \u00e4r &hellip;\" \/>\n<meta property=\"og:url\" content=\"https:\/\/allergisidan.nu\/recept\/allergi\/notter-jordnotter-och-mandel\/\" \/>\n<meta property=\"og:site_name\" content=\"ALLERGISIDAN\" \/>\n<meta property=\"article:publisher\" content=\"https:\/\/www.facebook.com\/allergisidan\/\" \/>\n<meta property=\"article:modified_time\" content=\"2020-07-05T09:02:06+00:00\" \/>\n<meta name=\"twitter:card\" content=\"summary_large_image\" \/>\n<meta name=\"twitter:label1\" content=\"Ber\u00e4knad l\u00e4stid\" \/>\n\t<meta name=\"twitter:data1\" content=\"2 minuter\" \/>\n<script type=\"application\/ld+json\" class=\"yoast-schema-graph\">{\"@context\":\"https:\\\/\\\/schema.org\",\"@graph\":[{\"@type\":\"WebPage\",\"@id\":\"https:\\\/\\\/allergisidan.nu\\\/recept\\\/allergi\\\/notter-jordnotter-och-mandel\\\/\",\"url\":\"https:\\\/\\\/allergisidan.nu\\\/recept\\\/allergi\\\/notter-jordnotter-och-mandel\\\/\",\"name\":\"N\u00f6tter, jordn\u00f6t, mandel och fr\u00f6n - ALLERGISIDAN\",\"isPartOf\":{\"@id\":\"https:\\\/\\\/allergisidan.nu\\\/recept\\\/#website\"},\"datePublished\":\"2016-03-28T18:57:29+00:00\",\"dateModified\":\"2020-07-05T09:02:06+00:00\",\"breadcrumb\":{\"@id\":\"https:\\\/\\\/allergisidan.nu\\\/recept\\\/allergi\\\/notter-jordnotter-och-mandel\\\/#breadcrumb\"},\"inLanguage\":\"sv-SE\",\"potentialAction\":[{\"@type\":\"ReadAction\",\"target\":[\"https:\\\/\\\/allergisidan.nu\\\/recept\\\/allergi\\\/notter-jordnotter-och-mandel\\\/\"]}]},{\"@type\":\"BreadcrumbList\",\"@id\":\"https:\\\/\\\/allergisidan.nu\\\/recept\\\/allergi\\\/notter-jordnotter-och-mandel\\\/#breadcrumb\",\"itemListElement\":[{\"@type\":\"ListItem\",\"position\":1,\"name\":\"Hem\",\"item\":\"https:\\\/\\\/allergisidan.nu\\\/recept\\\/\"},{\"@type\":\"ListItem\",\"position\":2,\"name\":\"Om allergi\",\"item\":\"https:\\\/\\\/allergisidan.nu\\\/recept\\\/allergi\\\/\"},{\"@type\":\"ListItem\",\"position\":3,\"name\":\"N\u00f6tter, jordn\u00f6t, mandel och fr\u00f6n\"}]},{\"@type\":\"WebSite\",\"@id\":\"https:\\\/\\\/allergisidan.nu\\\/recept\\\/#website\",\"url\":\"https:\\\/\\\/allergisidan.nu\\\/recept\\\/\",\"name\":\"ALLERGISIDAN\",\"description\":\"Recept f\u00f6r dig som \u00e4r allergisk mot mj\u00f6lk, soja, n\u00f6tter, mandel och \u00e4gg\",\"potentialAction\":[{\"@type\":\"SearchAction\",\"target\":{\"@type\":\"EntryPoint\",\"urlTemplate\":\"https:\\\/\\\/allergisidan.nu\\\/recept\\\/?s={search_term_string}\"},\"query-input\":{\"@type\":\"PropertyValueSpecification\",\"valueRequired\":true,\"valueName\":\"search_term_string\"}}],\"inLanguage\":\"sv-SE\"}]}<\/script>\n<!-- \/ Yoast SEO plugin. -->","yoast_head_json":{"title":"N\u00f6tter, jordn\u00f6t, mandel och fr\u00f6n - ALLERGISIDAN","robots":{"index":"index","follow":"follow","max-snippet":"max-snippet:-1","max-image-preview":"max-image-preview:large","max-video-preview":"max-video-preview:-1"},"canonical":"https:\/\/allergisidan.nu\/recept\/allergi\/notter-jordnotter-och-mandel\/","og_locale":"sv_SE","og_type":"article","og_title":"N\u00f6tter, jordn\u00f6t, mandel och fr\u00f6n - ALLERGISIDAN","og_description":"Allergi mot n\u00f6tter och jordn\u00f6tter \u00e4r en av de vanligaste allergierna i v\u00e4rlden och man v\u00e4xer oftast inte ifr\u00e5n dem. Jordn\u00f6ten, namnet till trots, \u00e4r &hellip;","og_url":"https:\/\/allergisidan.nu\/recept\/allergi\/notter-jordnotter-och-mandel\/","og_site_name":"ALLERGISIDAN","article_publisher":"https:\/\/www.facebook.com\/allergisidan\/","article_modified_time":"2020-07-05T09:02:06+00:00","twitter_card":"summary_large_image","twitter_misc":{"Ber\u00e4knad l\u00e4stid":"2 minuter"},"schema":{"@context":"https:\/\/schema.org","@graph":[{"@type":"WebPage","@id":"https:\/\/allergisidan.nu\/recept\/allergi\/notter-jordnotter-och-mandel\/","url":"https:\/\/allergisidan.nu\/recept\/allergi\/notter-jordnotter-och-mandel\/","name":"N\u00f6tter, jordn\u00f6t, mandel och fr\u00f6n - ALLERGISIDAN","isPartOf":{"@id":"https:\/\/allergisidan.nu\/recept\/#website"},"datePublished":"2016-03-28T18:57:29+00:00","dateModified":"2020-07-05T09:02:06+00:00","breadcrumb":{"@id":"https:\/\/allergisidan.nu\/recept\/allergi\/notter-jordnotter-och-mandel\/#breadcrumb"},"inLanguage":"sv-SE","potentialAction":[{"@type":"ReadAction","target":["https:\/\/allergisidan.nu\/recept\/allergi\/notter-jordnotter-och-mandel\/"]}]},{"@type":"BreadcrumbList","@id":"https:\/\/allergisidan.nu\/recept\/allergi\/notter-jordnotter-och-mandel\/#breadcrumb","itemListElement":[{"@type":"ListItem","position":1,"name":"Hem","item":"https:\/\/allergisidan.nu\/recept\/"},{"@type":"ListItem","position":2,"name":"Om allergi","item":"https:\/\/allergisidan.nu\/recept\/allergi\/"},{"@type":"ListItem","position":3,"name":"N\u00f6tter, jordn\u00f6t, mandel och fr\u00f6n"}]},{"@type":"WebSite","@id":"https:\/\/allergisidan.nu\/recept\/#website","url":"https:\/\/allergisidan.nu\/recept\/","name":"ALLERGISIDAN","description":"Recept f\u00f6r dig som \u00e4r allergisk mot mj\u00f6lk, soja, n\u00f6tter, mandel och \u00e4gg","potentialAction":[{"@type":"SearchAction","target":{"@type":"EntryPoint","urlTemplate":"https:\/\/allergisidan.nu\/recept\/?s={search_term_string}"},"query-input":{"@type":"PropertyValueSpecification","valueRequired":true,"valueName":"search_term_string"}}],"inLanguage":"sv-SE"}]}},"jetpack_sharing_enabled":true,"_links":{"self":[{"href":"https:\/\/allergisidan.nu\/recept\/wp-json\/wp\/v2\/pages\/882","targetHints":{"allow":["GET"]}}],"collection":[{"href":"https:\/\/allergisidan.nu\/recept\/wp-json\/wp\/v2\/pages"}],"about":[{"href":"https:\/\/allergisidan.nu\/recept\/wp-json\/wp\/v2\/types\/page"}],"author":[{"embeddable":true,"href":"https:\/\/allergisidan.nu\/recept\/wp-json\/wp\/v2\/users\/1"}],"replies":[{"embeddable":true,"href":"https:\/\/allergisidan.nu\/recept\/wp-json\/wp\/v2\/comments?post=882"}],"version-history":[{"count":16,"href":"https:\/\/allergisidan.nu\/recept\/wp-json\/wp\/v2\/pages\/882\/revisions"}],"predecessor-version":[{"id":1743,"href":"https:\/\/allergisidan.nu\/recept\/wp-json\/wp\/v2\/pages\/882\/revisions\/1743"}],"up":[{"embeddable":true,"href":"https:\/\/allergisidan.nu\/recept\/wp-json\/wp\/v2\/pages\/864"}],"wp:attachment":[{"href":"https:\/\/allergisidan.nu\/recept\/wp-json\/wp\/v2\/media?parent=882"}],"curies":[{"name":"wp","href":"https:\/\/api.w.org\/{rel}","templated":true}]}}