{"id":877,"date":"2000-10-28T20:29:10","date_gmt":"2000-10-28T18:29:10","guid":{"rendered":"http:\/\/allergisidan.com\/recept\/?page_id=877"},"modified":"2022-11-19T11:12:53","modified_gmt":"2022-11-19T10:12:53","slug":"sojaallergi","status":"publish","type":"page","link":"https:\/\/allergisidan.nu\/recept\/allergi\/sojaallergi\/","title":{"rendered":"Sojaallergi"},"content":{"rendered":"<p>Sojab\u00f6nan \u00e4r en \u00e4rtv\u00e4xt (baljv\u00e4xt) och anv\u00e4nds bland annat f\u00f6r sin goda proteinkvalitet som r\u00e5vara eller ingrediens i flera livsmedel. Ca 1% av befolkningen \u00e4r allergisk mot sojaprotein.<\/p>\n<figure style=\"width: 483px\" class=\"wp-caption aligncenter\"><img loading=\"lazy\" decoding=\"async\" src=\"https:\/\/cdn.pixabay.com\/photo\/2017\/12\/27\/00\/12\/soybeans-3041692__340.png\" alt=\"Sojab\u00f6nor, H\u00e4lsosam, Mat, N\u00e4ring\" width=\"483\" height=\"340\" \/><figcaption class=\"wp-caption-text\">Sojab\u00f6nor Bild fr\u00e5n <a href=\"https:\/\/pixabay.com\/sv\/photos\/sojab%c3%b6nor-h%c3%a4lsosam-mat-n%c3%a4ring-3041692\/\">Pixabay.com<\/a><\/figcaption><\/figure>\n<p>Symptom:<\/p>\n<p>N\u00e4sselutslag, eksem, l\u00e4pp- och\/ eller \u00f6gonsvullnad, luftr\u00f6rsbesv\u00e4r, diarr\u00e9, kr\u00e4kning, kolik, d\u00e5lig vikt\u00f6kning. T\u00e4nk p\u00e5 att andra symptom ocks\u00e5 kan f\u00f6rekomma d\u00e5 det \u00e4r mycket individuellt hur man reagerar.<\/p>\n<p>Sojaprotein kan ing\u00e5 i m\u00e5nga olika livsmedelsgrupper som charkprodukter, glass, kex, konfektyr, k\u00f6ttprodukter, matbr\u00f6d, mj\u00f6lkers\u00e4ttningsprodukter, snacks, soppor, s\u00e5ser, tofu.<\/p>\n<blockquote><p>T\u00e4nk p\u00e5 att m\u00e5nga vegetariska\/veganska produkter som hamburgare och korv, mj\u00f6lkfri glass eller mj\u00f6lkdryck kan vara sojabaserade.<\/p><\/blockquote>\n<p>F\u00f6ljande inneb\u00e4r att det finns\/ kan finnas sojaprotein i varan: Miso, soja, sojab\u00f6na, sojamj\u00f6l, sojaolja, sojaprotein, sojas\u00e5s,tempeh, tofu. Sojalecitin (E322) utvinns ur sojab\u00f6nan och kan inneh\u00e5lla rester fr\u00e5n proteinet.\u00a0Om man \u00e4r extremt k\u00e4nslig mot sojaprotein b\u00f6r \u00e4ven sojalecitin undvikas.<\/p>\n<p><span style=\"font-size: revert; color: initial;\">Har man sojaallergi kan man reagera mot andra baljv\u00e4xter som bockhornskl\u00f6ver, b\u00f6nor, jordn\u00f6tter, linser, lupiner och \u00e4rtor.\u00a0<\/span><\/p>\n<figure style=\"width: 960px\" class=\"wp-caption alignnone\"><img loading=\"lazy\" decoding=\"async\" src=\"https:\/\/cdn.pixabay.com\/photo\/2020\/06\/27\/13\/15\/tofu-5345865_960_720.jpg\" alt=\"Tofu, Tofu Kimchi, Koreansk Mat, Kimchi, Sidor\u00e4tt\" width=\"960\" height=\"539\" \/><figcaption class=\"wp-caption-text\">Tofu Bild fr\u00e5n <a href=\"https:\/\/pixabay.com\/sv\/photos\/tofu-tofu-kimchi-koreansk-mat-5345865\/\">Pixabay.com<\/a><\/figcaption><\/figure>\n<p><strong>L\u00e4s mer om allergi\/intolerans:<\/strong><br \/>\nL\u00e4nkarna finns \u00e4ven i menyn under rubriken information. Menyn hittar du<em> till h\u00f6ger, <\/em>om du sitter <em>vid en dator<\/em>, eller <em>under inl\u00e4ggen<\/em>, om du sitter vid en <em>mobil\/l\u00e4splatta<\/em>.<\/p>\n<p><a href=\"http:\/\/allergisidan.com\/recept\/var-berattelse\/\">V\u00e5r ber\u00e4ttelse<\/a><br \/>\n<a href=\"http:\/\/allergisidan.com\/recept\/allergi\/mjolkallergi\/\">Mj\u00f6lkprotein<\/a> <strong><br \/>\n<\/strong><a href=\"http:\/\/allergisidan.com\/recept\/aggallergi\/\">\u00c4ggallergi<\/a> <strong><br \/>\n<\/strong><a href=\"http:\/\/allergisidan.com\/recept\/allergi\/notter-jordnotter-och-mandel\/\">N\u00f6tter, jordn\u00f6t, mandel, fr\u00f6n<\/a> <strong><br \/>\n<\/strong><a href=\"http:\/\/allergisidan.com\/recept\/allergi\/celiaki\/\">Celiaki \/ glutenintolerans<\/a><strong><br \/>\n<\/strong><a href=\"http:\/\/allergisidan.com\/recept\/pollen-korsreaktioner\/\">Pollen &amp; korsreaktioner<\/a><\/p>\n<p>Mer information finns p\u00e5 <a href=\"http:\/\/www.astmaoallergiforbundet.se\">Astma och Allergif\u00f6rbundet<\/a><\/p>\n","protected":false},"excerpt":{"rendered":"<p>Sojab\u00f6nan \u00e4r en \u00e4rtv\u00e4xt (baljv\u00e4xt) och anv\u00e4nds bland annat f\u00f6r sin goda proteinkvalitet som r\u00e5vara eller ingrediens i flera livsmedel. Ca 1% av befolkningen \u00e4r &hellip; <\/p>\n","protected":false},"author":1,"featured_media":0,"parent":864,"menu_order":0,"comment_status":"closed","ping_status":"closed","template":"","meta":{"footnotes":""},"class_list":["post-877","page","type-page","status-publish","hentry"],"yoast_head":"<!-- This site is optimized with the Yoast SEO plugin v27.4 - https:\/\/yoast.com\/product\/yoast-seo-wordpress\/ -->\n<title>Sojaallergi - ALLERGISIDAN<\/title>\n<meta name=\"robots\" content=\"index, follow, max-snippet:-1, max-image-preview:large, max-video-preview:-1\" \/>\n<link rel=\"canonical\" href=\"https:\/\/allergisidan.nu\/recept\/allergi\/sojaallergi\/\" \/>\n<meta property=\"og:locale\" content=\"sv_SE\" \/>\n<meta property=\"og:type\" content=\"article\" \/>\n<meta property=\"og:title\" content=\"Sojaallergi - ALLERGISIDAN\" \/>\n<meta property=\"og:description\" content=\"Sojab\u00f6nan \u00e4r en \u00e4rtv\u00e4xt (baljv\u00e4xt) och anv\u00e4nds bland annat f\u00f6r sin goda proteinkvalitet som r\u00e5vara eller ingrediens i flera livsmedel. Ca 1% av befolkningen \u00e4r &hellip;\" \/>\n<meta property=\"og:url\" content=\"https:\/\/allergisidan.nu\/recept\/allergi\/sojaallergi\/\" \/>\n<meta property=\"og:site_name\" content=\"ALLERGISIDAN\" \/>\n<meta property=\"article:publisher\" content=\"https:\/\/www.facebook.com\/allergisidan\/\" \/>\n<meta property=\"article:modified_time\" content=\"2022-11-19T10:12:53+00:00\" \/>\n<meta property=\"og:image\" content=\"https:\/\/cdn.pixabay.com\/photo\/2017\/12\/27\/00\/12\/soybeans-3041692__340.png\" \/>\n<meta name=\"twitter:card\" content=\"summary_large_image\" \/>\n<meta name=\"twitter:label1\" content=\"Ber\u00e4knad l\u00e4stid\" \/>\n\t<meta name=\"twitter:data1\" content=\"2 minuter\" \/>\n<script type=\"application\/ld+json\" class=\"yoast-schema-graph\">{\"@context\":\"https:\\\/\\\/schema.org\",\"@graph\":[{\"@type\":\"WebPage\",\"@id\":\"https:\\\/\\\/allergisidan.nu\\\/recept\\\/allergi\\\/sojaallergi\\\/\",\"url\":\"https:\\\/\\\/allergisidan.nu\\\/recept\\\/allergi\\\/sojaallergi\\\/\",\"name\":\"Sojaallergi - ALLERGISIDAN\",\"isPartOf\":{\"@id\":\"https:\\\/\\\/allergisidan.nu\\\/recept\\\/#website\"},\"primaryImageOfPage\":{\"@id\":\"https:\\\/\\\/allergisidan.nu\\\/recept\\\/allergi\\\/sojaallergi\\\/#primaryimage\"},\"image\":{\"@id\":\"https:\\\/\\\/allergisidan.nu\\\/recept\\\/allergi\\\/sojaallergi\\\/#primaryimage\"},\"thumbnailUrl\":\"https:\\\/\\\/cdn.pixabay.com\\\/photo\\\/2017\\\/12\\\/27\\\/00\\\/12\\\/soybeans-3041692__340.png\",\"datePublished\":\"2000-10-28T18:29:10+00:00\",\"dateModified\":\"2022-11-19T10:12:53+00:00\",\"breadcrumb\":{\"@id\":\"https:\\\/\\\/allergisidan.nu\\\/recept\\\/allergi\\\/sojaallergi\\\/#breadcrumb\"},\"inLanguage\":\"sv-SE\",\"potentialAction\":[{\"@type\":\"ReadAction\",\"target\":[\"https:\\\/\\\/allergisidan.nu\\\/recept\\\/allergi\\\/sojaallergi\\\/\"]}]},{\"@type\":\"ImageObject\",\"inLanguage\":\"sv-SE\",\"@id\":\"https:\\\/\\\/allergisidan.nu\\\/recept\\\/allergi\\\/sojaallergi\\\/#primaryimage\",\"url\":\"https:\\\/\\\/cdn.pixabay.com\\\/photo\\\/2017\\\/12\\\/27\\\/00\\\/12\\\/soybeans-3041692__340.png\",\"contentUrl\":\"https:\\\/\\\/cdn.pixabay.com\\\/photo\\\/2017\\\/12\\\/27\\\/00\\\/12\\\/soybeans-3041692__340.png\"},{\"@type\":\"BreadcrumbList\",\"@id\":\"https:\\\/\\\/allergisidan.nu\\\/recept\\\/allergi\\\/sojaallergi\\\/#breadcrumb\",\"itemListElement\":[{\"@type\":\"ListItem\",\"position\":1,\"name\":\"Hem\",\"item\":\"https:\\\/\\\/allergisidan.nu\\\/recept\\\/\"},{\"@type\":\"ListItem\",\"position\":2,\"name\":\"Om allergi\",\"item\":\"https:\\\/\\\/allergisidan.nu\\\/recept\\\/allergi\\\/\"},{\"@type\":\"ListItem\",\"position\":3,\"name\":\"Sojaallergi\"}]},{\"@type\":\"WebSite\",\"@id\":\"https:\\\/\\\/allergisidan.nu\\\/recept\\\/#website\",\"url\":\"https:\\\/\\\/allergisidan.nu\\\/recept\\\/\",\"name\":\"ALLERGISIDAN\",\"description\":\"Recept f\u00f6r dig som \u00e4r allergisk mot mj\u00f6lk, soja, n\u00f6tter, mandel och \u00e4gg\",\"potentialAction\":[{\"@type\":\"SearchAction\",\"target\":{\"@type\":\"EntryPoint\",\"urlTemplate\":\"https:\\\/\\\/allergisidan.nu\\\/recept\\\/?s={search_term_string}\"},\"query-input\":{\"@type\":\"PropertyValueSpecification\",\"valueRequired\":true,\"valueName\":\"search_term_string\"}}],\"inLanguage\":\"sv-SE\"}]}<\/script>\n<!-- \/ Yoast SEO plugin. -->","yoast_head_json":{"title":"Sojaallergi - ALLERGISIDAN","robots":{"index":"index","follow":"follow","max-snippet":"max-snippet:-1","max-image-preview":"max-image-preview:large","max-video-preview":"max-video-preview:-1"},"canonical":"https:\/\/allergisidan.nu\/recept\/allergi\/sojaallergi\/","og_locale":"sv_SE","og_type":"article","og_title":"Sojaallergi - ALLERGISIDAN","og_description":"Sojab\u00f6nan \u00e4r en \u00e4rtv\u00e4xt (baljv\u00e4xt) och anv\u00e4nds bland annat f\u00f6r sin goda proteinkvalitet som r\u00e5vara eller ingrediens i flera livsmedel. Ca 1% av befolkningen \u00e4r &hellip;","og_url":"https:\/\/allergisidan.nu\/recept\/allergi\/sojaallergi\/","og_site_name":"ALLERGISIDAN","article_publisher":"https:\/\/www.facebook.com\/allergisidan\/","article_modified_time":"2022-11-19T10:12:53+00:00","og_image":[{"url":"https:\/\/cdn.pixabay.com\/photo\/2017\/12\/27\/00\/12\/soybeans-3041692__340.png","type":"","width":"","height":""}],"twitter_card":"summary_large_image","twitter_misc":{"Ber\u00e4knad l\u00e4stid":"2 minuter"},"schema":{"@context":"https:\/\/schema.org","@graph":[{"@type":"WebPage","@id":"https:\/\/allergisidan.nu\/recept\/allergi\/sojaallergi\/","url":"https:\/\/allergisidan.nu\/recept\/allergi\/sojaallergi\/","name":"Sojaallergi - ALLERGISIDAN","isPartOf":{"@id":"https:\/\/allergisidan.nu\/recept\/#website"},"primaryImageOfPage":{"@id":"https:\/\/allergisidan.nu\/recept\/allergi\/sojaallergi\/#primaryimage"},"image":{"@id":"https:\/\/allergisidan.nu\/recept\/allergi\/sojaallergi\/#primaryimage"},"thumbnailUrl":"https:\/\/cdn.pixabay.com\/photo\/2017\/12\/27\/00\/12\/soybeans-3041692__340.png","datePublished":"2000-10-28T18:29:10+00:00","dateModified":"2022-11-19T10:12:53+00:00","breadcrumb":{"@id":"https:\/\/allergisidan.nu\/recept\/allergi\/sojaallergi\/#breadcrumb"},"inLanguage":"sv-SE","potentialAction":[{"@type":"ReadAction","target":["https:\/\/allergisidan.nu\/recept\/allergi\/sojaallergi\/"]}]},{"@type":"ImageObject","inLanguage":"sv-SE","@id":"https:\/\/allergisidan.nu\/recept\/allergi\/sojaallergi\/#primaryimage","url":"https:\/\/cdn.pixabay.com\/photo\/2017\/12\/27\/00\/12\/soybeans-3041692__340.png","contentUrl":"https:\/\/cdn.pixabay.com\/photo\/2017\/12\/27\/00\/12\/soybeans-3041692__340.png"},{"@type":"BreadcrumbList","@id":"https:\/\/allergisidan.nu\/recept\/allergi\/sojaallergi\/#breadcrumb","itemListElement":[{"@type":"ListItem","position":1,"name":"Hem","item":"https:\/\/allergisidan.nu\/recept\/"},{"@type":"ListItem","position":2,"name":"Om allergi","item":"https:\/\/allergisidan.nu\/recept\/allergi\/"},{"@type":"ListItem","position":3,"name":"Sojaallergi"}]},{"@type":"WebSite","@id":"https:\/\/allergisidan.nu\/recept\/#website","url":"https:\/\/allergisidan.nu\/recept\/","name":"ALLERGISIDAN","description":"Recept f\u00f6r dig som \u00e4r allergisk mot mj\u00f6lk, soja, n\u00f6tter, mandel och \u00e4gg","potentialAction":[{"@type":"SearchAction","target":{"@type":"EntryPoint","urlTemplate":"https:\/\/allergisidan.nu\/recept\/?s={search_term_string}"},"query-input":{"@type":"PropertyValueSpecification","valueRequired":true,"valueName":"search_term_string"}}],"inLanguage":"sv-SE"}]}},"jetpack_sharing_enabled":true,"_links":{"self":[{"href":"https:\/\/allergisidan.nu\/recept\/wp-json\/wp\/v2\/pages\/877","targetHints":{"allow":["GET"]}}],"collection":[{"href":"https:\/\/allergisidan.nu\/recept\/wp-json\/wp\/v2\/pages"}],"about":[{"href":"https:\/\/allergisidan.nu\/recept\/wp-json\/wp\/v2\/types\/page"}],"author":[{"embeddable":true,"href":"https:\/\/allergisidan.nu\/recept\/wp-json\/wp\/v2\/users\/1"}],"replies":[{"embeddable":true,"href":"https:\/\/allergisidan.nu\/recept\/wp-json\/wp\/v2\/comments?post=877"}],"version-history":[{"count":10,"href":"https:\/\/allergisidan.nu\/recept\/wp-json\/wp\/v2\/pages\/877\/revisions"}],"predecessor-version":[{"id":2416,"href":"https:\/\/allergisidan.nu\/recept\/wp-json\/wp\/v2\/pages\/877\/revisions\/2416"}],"up":[{"embeddable":true,"href":"https:\/\/allergisidan.nu\/recept\/wp-json\/wp\/v2\/pages\/864"}],"wp:attachment":[{"href":"https:\/\/allergisidan.nu\/recept\/wp-json\/wp\/v2\/media?parent=877"}],"curies":[{"name":"wp","href":"https:\/\/api.w.org\/{rel}","templated":true}]}}