{"id":867,"date":"2000-10-28T19:33:25","date_gmt":"2000-10-28T17:33:25","guid":{"rendered":"http:\/\/allergisidan.com\/recept\/?page_id=867"},"modified":"2020-07-05T11:01:17","modified_gmt":"2020-07-05T09:01:17","slug":"mjolkallergi","status":"publish","type":"page","link":"https:\/\/allergisidan.nu\/recept\/allergi\/mjolkallergi\/","title":{"rendered":"Mj\u00f6lkallergi"},"content":{"rendered":"<p>Cirka 2,5% av alla sp\u00e4dbarn har en diagnos som mj\u00f6lkproteinallergiker. Men m\u00e5nga fler f\u00f6r\u00e4ldrar upplever att deras barn inte kan \u00e4ta mj\u00f6lkprodukter. Allergin visar sig ofta n\u00e4r de \u00f6verg\u00e5r fr\u00e5n modersmj\u00f6lk till v\u00e4lling, gr\u00f6t och mat som inneh\u00e5ller komj\u00f6lk. Barnen kan \u00e4ven reagera n\u00e4r de enbart ammas d\u00e5 mamman \u00e4ter mj\u00f6lkprodukter. Mj\u00f6lkallergiker kan \u00e4ven f\u00e5 symptom om de f\u00e5r mj\u00f6lkprodukter p\u00e5 huden.<\/p>\n<p><em>V\u00e5r dotter reagerade med eksem n\u00e4r hon ammades eftersom jag drack mj\u00f6lk. N\u00e4r hon b\u00f6rjade med smakportioner av gr\u00f6t med mj\u00f6lk i s\u00e5 reagerade hon kraftigare, hon svullnade upp kring \u00f6gon, hennes l\u00e4ppar svullnade och hon fick n\u00e4sselutslag p\u00e5 \u00f6verkroppen och upp i ansiktet. Efter en stund kr\u00e4ktes hon. Hon hann bara f\u00e5 i sig n\u00e5gon tesked med gr\u00f6t. Jag hade ingen aning om att mj\u00f6lkproteinallaergi existerade (det h\u00e4r var 2000), jag hade bara h\u00f6rt talas om laktosintolerans men d\u00e5 reagerade man ju inte med utslag och svullnad. Det tog 6 m\u00e5nader till innan vi slutligen tr\u00e4ffade r\u00e4tt l\u00e4kare som st\u00e4llde r\u00e4tt diagnos och gjorde ett pricktest som visade allergi mot mj\u00f6lk, \u00e4gg och soja.<\/em><\/p>\n<p>Symtomen kan vara diarr\u00e9, f\u00f6rstoppning, kr\u00e4kning, kolik, n\u00e4sselutslag, eksem, l\u00e4pp- och \u00f6gonsvullnad, astma, sl\u00f6het, \u00f6veraktivitet, otillr\u00e4cklig vikt\u00f6kning och i v\u00e4rsta fall anafylaktisk chock.<\/p>\n<p>Diagnosen st\u00e4lls s\u00e4krast genom att man, under l\u00e4kares v\u00e4gledning, tar bort mj\u00f6lkproteinet ur kosten en tid f\u00f6r att sen gradvis tills\u00e4tta det igen. Symptomen ska f\u00f6rsvinna och \u00e5terkommer tydligt vid kostf\u00f6r\u00e4ndringen. Ibland tester som ex. blodprov (rasttest) eller hudtest (pricktest).<\/p>\n<p>Behandlingen \u00e4r en kost helt fri fr\u00e5n mj\u00f6lk och livsmedel d\u00e4r mj\u00f6lk ing\u00e5r. T\u00e4nk p\u00e5 att det kan r\u00e4cka med att f\u00e5 mj\u00f6lkprodukter p\u00e5 huden f\u00f6r att ge symtom.<\/p>\n<p>Det \u00e4r skillnad p\u00e5 laktosintolerans och mj\u00f6lkallergi .Laktosintolerant \u00e4r intoleranta mot mj\u00f6lksockret (men kan \u00e4ta mj\u00f6lkprodukter som \u00e4r laktosfria eller reducerade) medans mj\u00f6lkallergiker \u00e4r allergiska mot mj\u00f6lkproteinet och m\u00e5ste avst\u00e5 helt fr\u00e5n produkter som inneh\u00e5ller mj\u00f6lk som fil, yoghurt, ost etc.<\/p>\n<p>\u00c4r du allergisk\/\u00f6verk\u00e4nslig mot mj\u00f6lkprotein kan du inte \u00e4ta exempelvis bifilus, creme fraiche, dofilus, filmj\u00f6lk, f\u00e5rost, getost, glass, gr\u00e4dde, gr\u00e4ddfil, kesella, keso, kvarg, margarin, messm\u00f6r, mozzarella, mj\u00f6lk, ost, sm\u00f6r, v\u00e4lling, yoghurt, \u00e4del-produkter.<\/p>\n<p>Andra ord f\u00f6r mj\u00f6lkprodukter: Gr\u00e4ddpulver, kasein, kaseinat, kvarg, k\u00e4rnmj\u00f6lkspulver, laktos, mesost, messm\u00f6r, mjukost, mj\u00f6lkalbumin, mj\u00f6lkchoklad, mj\u00f6lkglobulin, mj\u00f6lkprotein, mj\u00f6lkpulver, mj\u00f6lksocker, mj\u00f6lk\u00e4ggvita, natriumkaseinat, nougat, ostpulver, skummj\u00f6lk, skummj\u00f6lkspulver, sm\u00e4ltost, sm\u00f6r, torrmj\u00f6lkspulver, vassle, vasslepulver.<\/p>\n<p>Om det endast st\u00e5r albumin och globulin kan dessa komma fr\u00e5n mj\u00f6lk (men inte alltid) ring d\u00e5 tillverkaren f\u00f6r att f\u00e5 veta s\u00e4kert.<\/p>\n<p>n\u00e5got i din kost r\u00e5dfr\u00e5ga alltid din dietist eller l\u00e4kare.<\/p>\n<p><strong>L\u00e4s mer om allergi\/intolerans:<\/strong><br \/>\nL\u00e4nkarna finns \u00e4ven i menyn under rubriken information. Menyn hittar du<em> till h\u00f6ger, <\/em>om du sitter <em>vid en dator<\/em>, eller <em>under inl\u00e4ggen<\/em>, om du sitter vid en <em>mobil\/l\u00e4splatta<\/em>.<\/p>\n<p><a href=\"http:\/\/allergisidan.com\/recept\/var-berattelse\/\">V\u00e5r ber\u00e4ttelse<\/a><strong><br \/>\n<\/strong><a href=\"http:\/\/allergisidan.com\/recept\/sojaallergi\/\">Sojaallergi<\/a> <strong><br \/>\n<\/strong><a href=\"http:\/\/allergisidan.com\/recept\/aggallergi\/\">\u00c4ggallergi<\/a> <strong><br \/>\n<\/strong><a href=\"http:\/\/allergisidan.com\/recept\/allergi\/notter-jordnotter-och-mandel\/\">N\u00f6tter, jordn\u00f6t, mandel, fr\u00f6n<\/a> <strong><br \/>\n<\/strong><a href=\"http:\/\/allergisidan.com\/recept\/allergi\/celiaki\/\">Celiaki \/ glutenintolerans<\/a><strong><br \/>\n<\/strong><a href=\"http:\/\/allergisidan.com\/recept\/pollen-korsreaktioner\/\">Pollen &amp; korsreaktioner<\/a><\/p>\n<p>Mer information finns p\u00e5 <a href=\"http:\/\/www.astmaoallergiforbundet.se\">Astma och Allergif\u00f6rbundet<\/a><\/p>\n","protected":false},"excerpt":{"rendered":"<p>Cirka 2,5% av alla sp\u00e4dbarn har en diagnos som mj\u00f6lkproteinallergiker. Men m\u00e5nga fler f\u00f6r\u00e4ldrar upplever att deras barn inte kan \u00e4ta mj\u00f6lkprodukter. Allergin visar sig &hellip; <\/p>\n","protected":false},"author":1,"featured_media":0,"parent":864,"menu_order":0,"comment_status":"closed","ping_status":"closed","template":"","meta":{"footnotes":""},"class_list":["post-867","page","type-page","status-publish","hentry"],"yoast_head":"<!-- This site is optimized with the Yoast SEO plugin v27.4 - https:\/\/yoast.com\/product\/yoast-seo-wordpress\/ -->\n<title>Mj\u00f6lkallergi - ALLERGISIDAN<\/title>\n<meta name=\"robots\" content=\"index, follow, max-snippet:-1, max-image-preview:large, max-video-preview:-1\" \/>\n<link rel=\"canonical\" href=\"https:\/\/allergisidan.nu\/recept\/allergi\/mjolkallergi\/\" \/>\n<meta property=\"og:locale\" content=\"sv_SE\" \/>\n<meta property=\"og:type\" content=\"article\" \/>\n<meta property=\"og:title\" content=\"Mj\u00f6lkallergi - ALLERGISIDAN\" \/>\n<meta property=\"og:description\" content=\"Cirka 2,5% av alla sp\u00e4dbarn har en diagnos som mj\u00f6lkproteinallergiker. Men m\u00e5nga fler f\u00f6r\u00e4ldrar upplever att deras barn inte kan \u00e4ta mj\u00f6lkprodukter. Allergin visar sig &hellip;\" \/>\n<meta property=\"og:url\" content=\"https:\/\/allergisidan.nu\/recept\/allergi\/mjolkallergi\/\" \/>\n<meta property=\"og:site_name\" content=\"ALLERGISIDAN\" \/>\n<meta property=\"article:publisher\" content=\"https:\/\/www.facebook.com\/allergisidan\/\" \/>\n<meta property=\"article:modified_time\" content=\"2020-07-05T09:01:17+00:00\" \/>\n<meta name=\"twitter:card\" content=\"summary_large_image\" \/>\n<meta name=\"twitter:label1\" content=\"Ber\u00e4knad l\u00e4stid\" \/>\n\t<meta name=\"twitter:data1\" content=\"3 minuter\" \/>\n<script type=\"application\/ld+json\" class=\"yoast-schema-graph\">{\"@context\":\"https:\\\/\\\/schema.org\",\"@graph\":[{\"@type\":\"WebPage\",\"@id\":\"https:\\\/\\\/allergisidan.nu\\\/recept\\\/allergi\\\/mjolkallergi\\\/\",\"url\":\"https:\\\/\\\/allergisidan.nu\\\/recept\\\/allergi\\\/mjolkallergi\\\/\",\"name\":\"Mj\u00f6lkallergi - ALLERGISIDAN\",\"isPartOf\":{\"@id\":\"https:\\\/\\\/allergisidan.nu\\\/recept\\\/#website\"},\"datePublished\":\"2000-10-28T17:33:25+00:00\",\"dateModified\":\"2020-07-05T09:01:17+00:00\",\"breadcrumb\":{\"@id\":\"https:\\\/\\\/allergisidan.nu\\\/recept\\\/allergi\\\/mjolkallergi\\\/#breadcrumb\"},\"inLanguage\":\"sv-SE\",\"potentialAction\":[{\"@type\":\"ReadAction\",\"target\":[\"https:\\\/\\\/allergisidan.nu\\\/recept\\\/allergi\\\/mjolkallergi\\\/\"]}]},{\"@type\":\"BreadcrumbList\",\"@id\":\"https:\\\/\\\/allergisidan.nu\\\/recept\\\/allergi\\\/mjolkallergi\\\/#breadcrumb\",\"itemListElement\":[{\"@type\":\"ListItem\",\"position\":1,\"name\":\"Hem\",\"item\":\"https:\\\/\\\/allergisidan.nu\\\/recept\\\/\"},{\"@type\":\"ListItem\",\"position\":2,\"name\":\"Om allergi\",\"item\":\"https:\\\/\\\/allergisidan.nu\\\/recept\\\/allergi\\\/\"},{\"@type\":\"ListItem\",\"position\":3,\"name\":\"Mj\u00f6lkallergi\"}]},{\"@type\":\"WebSite\",\"@id\":\"https:\\\/\\\/allergisidan.nu\\\/recept\\\/#website\",\"url\":\"https:\\\/\\\/allergisidan.nu\\\/recept\\\/\",\"name\":\"ALLERGISIDAN\",\"description\":\"Recept f\u00f6r dig som \u00e4r allergisk mot mj\u00f6lk, soja, n\u00f6tter, mandel och \u00e4gg\",\"potentialAction\":[{\"@type\":\"SearchAction\",\"target\":{\"@type\":\"EntryPoint\",\"urlTemplate\":\"https:\\\/\\\/allergisidan.nu\\\/recept\\\/?s={search_term_string}\"},\"query-input\":{\"@type\":\"PropertyValueSpecification\",\"valueRequired\":true,\"valueName\":\"search_term_string\"}}],\"inLanguage\":\"sv-SE\"}]}<\/script>\n<!-- \/ Yoast SEO plugin. -->","yoast_head_json":{"title":"Mj\u00f6lkallergi - ALLERGISIDAN","robots":{"index":"index","follow":"follow","max-snippet":"max-snippet:-1","max-image-preview":"max-image-preview:large","max-video-preview":"max-video-preview:-1"},"canonical":"https:\/\/allergisidan.nu\/recept\/allergi\/mjolkallergi\/","og_locale":"sv_SE","og_type":"article","og_title":"Mj\u00f6lkallergi - ALLERGISIDAN","og_description":"Cirka 2,5% av alla sp\u00e4dbarn har en diagnos som mj\u00f6lkproteinallergiker. Men m\u00e5nga fler f\u00f6r\u00e4ldrar upplever att deras barn inte kan \u00e4ta mj\u00f6lkprodukter. Allergin visar sig &hellip;","og_url":"https:\/\/allergisidan.nu\/recept\/allergi\/mjolkallergi\/","og_site_name":"ALLERGISIDAN","article_publisher":"https:\/\/www.facebook.com\/allergisidan\/","article_modified_time":"2020-07-05T09:01:17+00:00","twitter_card":"summary_large_image","twitter_misc":{"Ber\u00e4knad l\u00e4stid":"3 minuter"},"schema":{"@context":"https:\/\/schema.org","@graph":[{"@type":"WebPage","@id":"https:\/\/allergisidan.nu\/recept\/allergi\/mjolkallergi\/","url":"https:\/\/allergisidan.nu\/recept\/allergi\/mjolkallergi\/","name":"Mj\u00f6lkallergi - ALLERGISIDAN","isPartOf":{"@id":"https:\/\/allergisidan.nu\/recept\/#website"},"datePublished":"2000-10-28T17:33:25+00:00","dateModified":"2020-07-05T09:01:17+00:00","breadcrumb":{"@id":"https:\/\/allergisidan.nu\/recept\/allergi\/mjolkallergi\/#breadcrumb"},"inLanguage":"sv-SE","potentialAction":[{"@type":"ReadAction","target":["https:\/\/allergisidan.nu\/recept\/allergi\/mjolkallergi\/"]}]},{"@type":"BreadcrumbList","@id":"https:\/\/allergisidan.nu\/recept\/allergi\/mjolkallergi\/#breadcrumb","itemListElement":[{"@type":"ListItem","position":1,"name":"Hem","item":"https:\/\/allergisidan.nu\/recept\/"},{"@type":"ListItem","position":2,"name":"Om allergi","item":"https:\/\/allergisidan.nu\/recept\/allergi\/"},{"@type":"ListItem","position":3,"name":"Mj\u00f6lkallergi"}]},{"@type":"WebSite","@id":"https:\/\/allergisidan.nu\/recept\/#website","url":"https:\/\/allergisidan.nu\/recept\/","name":"ALLERGISIDAN","description":"Recept f\u00f6r dig som \u00e4r allergisk mot mj\u00f6lk, soja, n\u00f6tter, mandel och \u00e4gg","potentialAction":[{"@type":"SearchAction","target":{"@type":"EntryPoint","urlTemplate":"https:\/\/allergisidan.nu\/recept\/?s={search_term_string}"},"query-input":{"@type":"PropertyValueSpecification","valueRequired":true,"valueName":"search_term_string"}}],"inLanguage":"sv-SE"}]}},"jetpack_sharing_enabled":true,"_links":{"self":[{"href":"https:\/\/allergisidan.nu\/recept\/wp-json\/wp\/v2\/pages\/867","targetHints":{"allow":["GET"]}}],"collection":[{"href":"https:\/\/allergisidan.nu\/recept\/wp-json\/wp\/v2\/pages"}],"about":[{"href":"https:\/\/allergisidan.nu\/recept\/wp-json\/wp\/v2\/types\/page"}],"author":[{"embeddable":true,"href":"https:\/\/allergisidan.nu\/recept\/wp-json\/wp\/v2\/users\/1"}],"replies":[{"embeddable":true,"href":"https:\/\/allergisidan.nu\/recept\/wp-json\/wp\/v2\/comments?post=867"}],"version-history":[{"count":6,"href":"https:\/\/allergisidan.nu\/recept\/wp-json\/wp\/v2\/pages\/867\/revisions"}],"predecessor-version":[{"id":1742,"href":"https:\/\/allergisidan.nu\/recept\/wp-json\/wp\/v2\/pages\/867\/revisions\/1742"}],"up":[{"embeddable":true,"href":"https:\/\/allergisidan.nu\/recept\/wp-json\/wp\/v2\/pages\/864"}],"wp:attachment":[{"href":"https:\/\/allergisidan.nu\/recept\/wp-json\/wp\/v2\/media?parent=867"}],"curies":[{"name":"wp","href":"https:\/\/api.w.org\/{rel}","templated":true}]}}