{"id":864,"date":"2000-10-28T19:31:11","date_gmt":"2000-10-28T17:31:11","guid":{"rendered":"http:\/\/allergisidan.com\/recept\/?page_id=864"},"modified":"2020-07-05T10:57:28","modified_gmt":"2020-07-05T08:57:28","slug":"allergi","status":"publish","type":"page","link":"https:\/\/allergisidan.nu\/recept\/allergi\/","title":{"rendered":"Om allergi"},"content":{"rendered":"<p>De flesta allergier debuterar i barndomen och tyv\u00e4rr ser man att allergierna \u00f6kar. B\u00e5de arv och milj\u00f6 spelar en roll om man kommer utveckla en allergi, har en eller b\u00e5da f\u00f6r\u00e4ldrarna allergier \u00f6kar chanserna att ocks\u00e5 barnet f\u00e5r allergi. Man \u00e4rver inte allergin i sig, utan ben\u00e4genheten att utveckla en allergi, man beh\u00f6ver allts\u00e5 och inte utveckla samma allergi (om man nu alls blir allergisk) som sina f\u00f6r\u00e4ldrar. Husdjur och passiv r\u00f6kning \u00e4r s\u00e5dant som kan utl\u00f6sa allergi hos barn. Man skiljer p\u00e5 allergi, \u00f6verk\u00e4nslighet och intolerans.<\/p>\n<p><em>I v\u00e5r familj \u00e4r jag k\u00e4nslig mot vete och laktos, lilltjejens pappa mot kyckling och \u00e4gg och hennes farbror mot bland annat hasseln\u00f6tter och p\u00e4lsdjur.<\/em><\/p>\n<p>Allergi \u00e4r en felprogrammering som g\u00f6r att immunsystemet reagerar p\u00e5 ett \u00e4mne som kroppen normalt t\u00e5l och bildar sk. allergiantikroppar mot \u00e4mnet. N\u00e4r man n\u00e4sta g\u00e5ng kommer i kontakt med \u00e4mnet startas en reaktion i kroppen och man f\u00e5r allergiska besv\u00e4r som ex. n\u00e4sselfeber, diarr\u00e9, astma.<\/p>\n<p>Vid \u00f6verk\u00e4nslighet kan man reagera med samma symtom som vid allergi. Vid \u00f6verk\u00e4nslighet reagerar dock inte immunsystemet utan det finns en f\u00f6rh\u00f6jd k\u00e4nslighet i n\u00e5got av kroppens organ som g\u00f6r att man reagerar. Vid \u00f6verk\u00e4nslighet ger ex. inte hudtest eller blodprov utslag.<\/p>\n<p>Intolerans betyder att kroppen inte tolererar ett speciellt \u00e4mne, ex. gluten och laktos.<\/p>\n<p>Det finns flera test som kan visa om man \u00e4r allergisk, det s\u00e4kraste \u00e4r provokationstest \u2013 som g\u00f6rs under l\u00e4kares v\u00e4gledning. F\u00f6do\u00e4mnet man reagerar p\u00e5 tas bort ur kosten en tid f\u00f6r att sen gradvis tills\u00e4ttas igen. Symtomen ska f\u00f6rsvinna och \u00e5terkomma tydligt vid kostf\u00f6r\u00e4ndringen. Ibland beh\u00f6vs \u00e4ven tarmunders\u00f6kning, blodprov eller hudtest. Pricktest och blodprov \u00e4r inte helt tillf\u00f6rlitliga, eftersom de inte visar utslag om det \u00e4r \u00f6verk\u00e4nslighet det handar om. \u00c4ven om allergin \u00e4r immunilogisk kan testet visa fel. D\u00e4rf\u00f6r m\u00e5sta man alltid g\u00e5 p\u00e5 symptomen. Innan du \u00e4ndrar n\u00e5got i din kost r\u00e5dfr\u00e5ga alltid din dietist eller l\u00e4kare.<\/p>\n<p><strong>L\u00e4s mer om allergi\/intolerans:<\/strong><br \/>\nL\u00e4nkarna finns \u00e4ven i menyn under rubriken information. Menyn hittar du<em> till h\u00f6ger, <\/em>om du sitter <em>vid en dator<\/em>, eller <em>under inl\u00e4ggen<\/em>, om du sitter vid en <em>mobil\/l\u00e4splatta<\/em>.<\/p>\n<p><a href=\"http:\/\/allergisidan.com\/recept\/var-berattelse\/\">V\u00e5r ber\u00e4ttelse<\/a><br \/>\n<a href=\"http:\/\/allergisidan.com\/recept\/allergi\/mjolkallergi\/\">Mj\u00f6lkprotein<\/a> <strong><br \/>\n<\/strong><a href=\"http:\/\/allergisidan.com\/recept\/sojaallergi\/\">Sojaallergi<\/a> <strong><br \/>\n<\/strong><a href=\"http:\/\/allergisidan.com\/recept\/aggallergi\/\">\u00c4ggallergi<\/a> <strong><br \/>\n<\/strong><a href=\"http:\/\/allergisidan.com\/recept\/allergi\/notter-jordnotter-och-mandel\/\">N\u00f6tter, jordn\u00f6t, mandel, fr\u00f6n<\/a> <strong><br \/>\n<\/strong><a href=\"http:\/\/allergisidan.com\/recept\/allergi\/celiaki\/\">Celiaki \/ glutenintolerans<\/a><strong><br \/>\n<\/strong><a href=\"http:\/\/allergisidan.com\/recept\/pollen-korsreaktioner\/\">Pollen &amp; korsreaktioner<\/a><\/p>\n<p>Mer information finns p\u00e5 <a href=\"http:\/\/www.astmaoallergiforbundet.se\">Astma och Allergif\u00f6rbundet<\/a><\/p>\n","protected":false},"excerpt":{"rendered":"<p>De flesta allergier debuterar i barndomen och tyv\u00e4rr ser man att allergierna \u00f6kar. B\u00e5de arv och milj\u00f6 spelar en roll om man kommer utveckla en &hellip; <\/p>\n","protected":false},"author":1,"featured_media":0,"parent":0,"menu_order":0,"comment_status":"closed","ping_status":"closed","template":"","meta":{"footnotes":""},"class_list":["post-864","page","type-page","status-publish","hentry"],"yoast_head":"<!-- This site is optimized with the Yoast SEO plugin v27.4 - https:\/\/yoast.com\/product\/yoast-seo-wordpress\/ -->\n<title>Om allergi - ALLERGISIDAN<\/title>\n<meta name=\"robots\" content=\"index, follow, max-snippet:-1, max-image-preview:large, max-video-preview:-1\" \/>\n<link rel=\"canonical\" href=\"https:\/\/allergisidan.nu\/recept\/allergi\/\" \/>\n<meta property=\"og:locale\" content=\"sv_SE\" \/>\n<meta property=\"og:type\" content=\"article\" \/>\n<meta property=\"og:title\" content=\"Om allergi - ALLERGISIDAN\" \/>\n<meta property=\"og:description\" content=\"De flesta allergier debuterar i barndomen och tyv\u00e4rr ser man att allergierna \u00f6kar. B\u00e5de arv och milj\u00f6 spelar en roll om man kommer utveckla en &hellip;\" \/>\n<meta property=\"og:url\" content=\"https:\/\/allergisidan.nu\/recept\/allergi\/\" \/>\n<meta property=\"og:site_name\" content=\"ALLERGISIDAN\" \/>\n<meta property=\"article:publisher\" content=\"https:\/\/www.facebook.com\/allergisidan\/\" \/>\n<meta property=\"article:modified_time\" content=\"2020-07-05T08:57:28+00:00\" \/>\n<meta name=\"twitter:card\" content=\"summary_large_image\" \/>\n<meta name=\"twitter:label1\" content=\"Ber\u00e4knad l\u00e4stid\" \/>\n\t<meta name=\"twitter:data1\" content=\"2 minuter\" \/>\n<script type=\"application\/ld+json\" class=\"yoast-schema-graph\">{\"@context\":\"https:\\\/\\\/schema.org\",\"@graph\":[{\"@type\":\"WebPage\",\"@id\":\"https:\\\/\\\/allergisidan.nu\\\/recept\\\/allergi\\\/\",\"url\":\"https:\\\/\\\/allergisidan.nu\\\/recept\\\/allergi\\\/\",\"name\":\"Om allergi - ALLERGISIDAN\",\"isPartOf\":{\"@id\":\"https:\\\/\\\/allergisidan.nu\\\/recept\\\/#website\"},\"datePublished\":\"2000-10-28T17:31:11+00:00\",\"dateModified\":\"2020-07-05T08:57:28+00:00\",\"breadcrumb\":{\"@id\":\"https:\\\/\\\/allergisidan.nu\\\/recept\\\/allergi\\\/#breadcrumb\"},\"inLanguage\":\"sv-SE\",\"potentialAction\":[{\"@type\":\"ReadAction\",\"target\":[\"https:\\\/\\\/allergisidan.nu\\\/recept\\\/allergi\\\/\"]}]},{\"@type\":\"BreadcrumbList\",\"@id\":\"https:\\\/\\\/allergisidan.nu\\\/recept\\\/allergi\\\/#breadcrumb\",\"itemListElement\":[{\"@type\":\"ListItem\",\"position\":1,\"name\":\"Hem\",\"item\":\"https:\\\/\\\/allergisidan.nu\\\/recept\\\/\"},{\"@type\":\"ListItem\",\"position\":2,\"name\":\"Om allergi\"}]},{\"@type\":\"WebSite\",\"@id\":\"https:\\\/\\\/allergisidan.nu\\\/recept\\\/#website\",\"url\":\"https:\\\/\\\/allergisidan.nu\\\/recept\\\/\",\"name\":\"ALLERGISIDAN\",\"description\":\"Recept f\u00f6r dig som \u00e4r allergisk mot mj\u00f6lk, soja, n\u00f6tter, mandel och \u00e4gg\",\"potentialAction\":[{\"@type\":\"SearchAction\",\"target\":{\"@type\":\"EntryPoint\",\"urlTemplate\":\"https:\\\/\\\/allergisidan.nu\\\/recept\\\/?s={search_term_string}\"},\"query-input\":{\"@type\":\"PropertyValueSpecification\",\"valueRequired\":true,\"valueName\":\"search_term_string\"}}],\"inLanguage\":\"sv-SE\"}]}<\/script>\n<!-- \/ Yoast SEO plugin. -->","yoast_head_json":{"title":"Om allergi - ALLERGISIDAN","robots":{"index":"index","follow":"follow","max-snippet":"max-snippet:-1","max-image-preview":"max-image-preview:large","max-video-preview":"max-video-preview:-1"},"canonical":"https:\/\/allergisidan.nu\/recept\/allergi\/","og_locale":"sv_SE","og_type":"article","og_title":"Om allergi - ALLERGISIDAN","og_description":"De flesta allergier debuterar i barndomen och tyv\u00e4rr ser man att allergierna \u00f6kar. B\u00e5de arv och milj\u00f6 spelar en roll om man kommer utveckla en &hellip;","og_url":"https:\/\/allergisidan.nu\/recept\/allergi\/","og_site_name":"ALLERGISIDAN","article_publisher":"https:\/\/www.facebook.com\/allergisidan\/","article_modified_time":"2020-07-05T08:57:28+00:00","twitter_card":"summary_large_image","twitter_misc":{"Ber\u00e4knad l\u00e4stid":"2 minuter"},"schema":{"@context":"https:\/\/schema.org","@graph":[{"@type":"WebPage","@id":"https:\/\/allergisidan.nu\/recept\/allergi\/","url":"https:\/\/allergisidan.nu\/recept\/allergi\/","name":"Om allergi - ALLERGISIDAN","isPartOf":{"@id":"https:\/\/allergisidan.nu\/recept\/#website"},"datePublished":"2000-10-28T17:31:11+00:00","dateModified":"2020-07-05T08:57:28+00:00","breadcrumb":{"@id":"https:\/\/allergisidan.nu\/recept\/allergi\/#breadcrumb"},"inLanguage":"sv-SE","potentialAction":[{"@type":"ReadAction","target":["https:\/\/allergisidan.nu\/recept\/allergi\/"]}]},{"@type":"BreadcrumbList","@id":"https:\/\/allergisidan.nu\/recept\/allergi\/#breadcrumb","itemListElement":[{"@type":"ListItem","position":1,"name":"Hem","item":"https:\/\/allergisidan.nu\/recept\/"},{"@type":"ListItem","position":2,"name":"Om allergi"}]},{"@type":"WebSite","@id":"https:\/\/allergisidan.nu\/recept\/#website","url":"https:\/\/allergisidan.nu\/recept\/","name":"ALLERGISIDAN","description":"Recept f\u00f6r dig som \u00e4r allergisk mot mj\u00f6lk, soja, n\u00f6tter, mandel och \u00e4gg","potentialAction":[{"@type":"SearchAction","target":{"@type":"EntryPoint","urlTemplate":"https:\/\/allergisidan.nu\/recept\/?s={search_term_string}"},"query-input":{"@type":"PropertyValueSpecification","valueRequired":true,"valueName":"search_term_string"}}],"inLanguage":"sv-SE"}]}},"jetpack_sharing_enabled":true,"_links":{"self":[{"href":"https:\/\/allergisidan.nu\/recept\/wp-json\/wp\/v2\/pages\/864","targetHints":{"allow":["GET"]}}],"collection":[{"href":"https:\/\/allergisidan.nu\/recept\/wp-json\/wp\/v2\/pages"}],"about":[{"href":"https:\/\/allergisidan.nu\/recept\/wp-json\/wp\/v2\/types\/page"}],"author":[{"embeddable":true,"href":"https:\/\/allergisidan.nu\/recept\/wp-json\/wp\/v2\/users\/1"}],"replies":[{"embeddable":true,"href":"https:\/\/allergisidan.nu\/recept\/wp-json\/wp\/v2\/comments?post=864"}],"version-history":[{"count":17,"href":"https:\/\/allergisidan.nu\/recept\/wp-json\/wp\/v2\/pages\/864\/revisions"}],"predecessor-version":[{"id":1739,"href":"https:\/\/allergisidan.nu\/recept\/wp-json\/wp\/v2\/pages\/864\/revisions\/1739"}],"wp:attachment":[{"href":"https:\/\/allergisidan.nu\/recept\/wp-json\/wp\/v2\/media?parent=864"}],"curies":[{"name":"wp","href":"https:\/\/api.w.org\/{rel}","templated":true}]}}