{"id":1701,"date":"2020-07-04T09:17:58","date_gmt":"2020-07-04T07:17:58","guid":{"rendered":"http:\/\/allergisidan.com\/recept\/?page_id=1701"},"modified":"2020-07-05T11:26:48","modified_gmt":"2020-07-05T09:26:48","slug":"pollen-korsreaktioner","status":"publish","type":"page","link":"https:\/\/allergisidan.nu\/recept\/allergi\/pollen-korsreaktioner\/","title":{"rendered":"Pollen &#038; korsreaktioner"},"content":{"rendered":"\n<h2 class=\"wp-block-heading\">Pollenallergi<\/h2>\n\n\n\n<p>Symptomen vid pollenallergi kan vara exempelvis astma och h\u00f6snuva, ibland \u00e4ven med eksem och utslag. Det \u00e4r vanligt att man reagerar med kliande och rinnande \u00f6gon, n\u00e4st\u00e4ppa, nysningar eller rinnande n\u00e4sa. Som pollenallergiker kan man \u00e4ven reagera p\u00e5 f\u00f6do\u00e4mnen i samband med pollens\u00e4songen, det kallas f\u00f6r korsreaktion.<\/p>\n\n\n\n<h3 class=\"wp-block-heading\">Tr\u00e4dpollen (V\u00e5r och f\u00f6rsommar)<\/h3>\n\n\n\n<p>N\u00e5gra exempel p\u00e5 tr\u00e4dpollen \u00e4r pollen fr\u00e5n hassel, al, alm, vide och bj\u00f6rk. Det tr\u00e4dpollen som fr\u00e4mst orsakar allergi \u00e4r bj\u00f6rkpollen som b\u00f6rjar sin spridning i april i. Bj\u00f6rkpollen sprids fr\u00e5n de l\u00e5nga h\u00e4ngena som v\u00e4xer till sig p\u00e5 v\u00e5ren och varje h\u00e4nge inneh\u00e5ller miljontals pollen. <br><strong>Vid bj\u00f6rkpollenallergi f\u00f6rekommer ofta korsreaktioner p\u00e5 gr\u00f6nsaker och frukter som exempelvis mor\u00f6tter, p\u00e4ron, \u00e4pplen och hasseln\u00f6tter.<\/strong><\/p>\n\n\n\n<p><\/p>\n\n\n\n<h3 class=\"wp-block-heading\">Gr\u00e4spollen (Maj- September)<\/h3>\n\n\n\n<p>Det finns ett hundratal olika gr\u00e4s arter, som timotej, r\u00e5g, vass och \u00e4ngskalve. Gr\u00e4spollen finns i luften fr\u00e5n mitten p\u00e5 Maj till b\u00f6rjan p\u00e5 September, och \u00e4r st\u00f6rst kring midsommar. Gr\u00e4s har m\u00e5nga blommor som frig\u00f6r pollenkorn, vissa gr\u00e4sarter frig\u00f6r pollen p\u00e5 morgonen och andra p\u00e5 eftermiddagen. F\u00f6r att gr\u00e4spollen ska spridas kr\u00e4vs gynnsamt v\u00e4der morgon och kv\u00e4ll, vid regn sluts gr\u00e4sets ax och h\u00e4mmar blomningen och pollenkornen kan inte spridas. Regn rensar \u00e4ven ur pollen ur luften och pollenniv\u00e5n s\u00e4nks. <br><strong>\u00c4r man allergisk mot gr\u00e4spollen kan man korsreagera mot bland annat spannm\u00e5l, d\u00e4r \u00e4ven ris och majs ing\u00e5r, i samband med gr\u00e4spollens\u00e4songen.<\/strong><\/p>\n\n\n\n<h3 class=\"wp-block-heading\">Gr\u00e5bopollen (juli- September)<\/h3>\n\n\n\n<p>De sm\u00e5 blommorna hos gr\u00e5bo \u00e4r samlade i sm\u00e5 korgar, som i sin tur \u00e4r samlade i stora blomst\u00e4llningar. V\u00e4dret m\u00e5naderna f\u00f6re blomningen har betydelse f\u00f6r deras tillv\u00e4xt, vid kallt och fuktigt v\u00e4der v\u00e4xer de sig stora med m\u00e5nga blommor. Hur mycket pollen som frig\u00f6rs vid blomningen beror ocks\u00e5 p\u00e5 v\u00e4derleken som r\u00e5der d\u00e5, mest pollen frig\u00f6rs vid soligt och varmt v\u00e4der. <br><strong>Vid gr\u00e5bopollenallergi kan man reagera p\u00e5 frukter och gr\u00f6nsaker som selleri, persilja, koriander och kamomill.<\/strong><\/p>\n\n\n\n<p><strong>L\u00e4s mer om allergi\/intolerans:<\/strong><br>L\u00e4nkarna finns \u00e4ven i menyn under rubriken information. Menyn hittar du<em> till h\u00f6ger, <\/em>om du sitter <em>vid en dator<\/em>, eller <em>under inl\u00e4ggen<\/em>, om du sitter vid en <em>mobil\/l\u00e4splatta<\/em>.<\/p>\n\n\n\n<p><a href=\"http:\/\/allergisidan.com\/recept\/var-berattelse\/\">V\u00e5r ber\u00e4ttelse<\/a><br><a href=\"http:\/\/allergisidan.com\/recept\/allergi\/mjolkallergi\/\">Mj\u00f6lkprotein<\/a><br><a href=\"http:\/\/allergisidan.com\/recept\/sojaallergi\/\">Sojaallergi<\/a><br><a href=\"http:\/\/allergisidan.com\/recept\/aggallergi\/\">\u00c4ggallergi<\/a><br><a href=\"http:\/\/allergisidan.com\/recept\/allergi\/notter-jordnotter-och-mandel\/\">N\u00f6tter, jordn\u00f6t, mandel, fr\u00f6n<\/a><br><a href=\"http:\/\/allergisidan.com\/recept\/allergi\/celiaki\/\">Celiaki \/ glutenintolerans<\/a><\/p>\n\n\n\n<p>Aktuella pollenslag och pollenhalter finns hos <a href=\"https:\/\/pollenrapporten.se\/\">pollenrapporten.se<\/a><br>Receptfria l\u00e4kemedel och hj\u00e4lpmedel f\u00f6r pollenallergi finns hos <a href=\"http:\/\/clk.tradedoubler.com\/click?p(299349)a(129101)g(24588384)url(https:\/\/www.apotek365.se\/collections\/allergi)\" title=\"pollenallergi\" target=\"_blank\" rel=\"noopener noreferrer\">Apotek365<\/a><img decoding=\"async\" src=\"http:\/\/impse.tradedoubler.com\/imp?type(inv)g(24588384)a(129101)\"><\/p>\n","protected":false},"excerpt":{"rendered":"<p>Pollenallergi Symptomen vid pollenallergi kan vara exempelvis astma och h\u00f6snuva, ibland \u00e4ven med eksem och utslag. Det \u00e4r vanligt att man reagerar med kliande och &hellip; <\/p>\n","protected":false},"author":1,"featured_media":0,"parent":864,"menu_order":0,"comment_status":"closed","ping_status":"closed","template":"","meta":{"footnotes":""},"class_list":["post-1701","page","type-page","status-publish","hentry"],"yoast_head":"<!-- This site is optimized with the Yoast SEO plugin v27.4 - https:\/\/yoast.com\/product\/yoast-seo-wordpress\/ -->\n<title>Pollen &amp; korsreaktioner - ALLERGISIDAN<\/title>\n<meta name=\"robots\" content=\"index, follow, max-snippet:-1, max-image-preview:large, max-video-preview:-1\" \/>\n<link rel=\"canonical\" href=\"https:\/\/allergisidan.nu\/recept\/allergi\/pollen-korsreaktioner\/\" \/>\n<meta property=\"og:locale\" content=\"sv_SE\" \/>\n<meta property=\"og:type\" content=\"article\" \/>\n<meta property=\"og:title\" content=\"Pollen &amp; korsreaktioner - ALLERGISIDAN\" \/>\n<meta property=\"og:description\" content=\"Pollenallergi Symptomen vid pollenallergi kan vara exempelvis astma och h\u00f6snuva, ibland \u00e4ven med eksem och utslag. Det \u00e4r vanligt att man reagerar med kliande och &hellip;\" \/>\n<meta property=\"og:url\" content=\"https:\/\/allergisidan.nu\/recept\/allergi\/pollen-korsreaktioner\/\" \/>\n<meta property=\"og:site_name\" content=\"ALLERGISIDAN\" \/>\n<meta property=\"article:publisher\" content=\"https:\/\/www.facebook.com\/allergisidan\/\" \/>\n<meta property=\"article:modified_time\" content=\"2020-07-05T09:26:48+00:00\" \/>\n<meta property=\"og:image\" content=\"http:\/\/impse.tradedoubler.com\/imp?type(inv)g(24588384)a(129101)\" \/>\n<meta name=\"twitter:card\" content=\"summary_large_image\" \/>\n<meta name=\"twitter:label1\" content=\"Ber\u00e4knad l\u00e4stid\" \/>\n\t<meta name=\"twitter:data1\" content=\"2 minuter\" \/>\n<script type=\"application\/ld+json\" class=\"yoast-schema-graph\">{\"@context\":\"https:\\\/\\\/schema.org\",\"@graph\":[{\"@type\":\"WebPage\",\"@id\":\"https:\\\/\\\/allergisidan.nu\\\/recept\\\/allergi\\\/pollen-korsreaktioner\\\/\",\"url\":\"https:\\\/\\\/allergisidan.nu\\\/recept\\\/allergi\\\/pollen-korsreaktioner\\\/\",\"name\":\"Pollen & korsreaktioner - ALLERGISIDAN\",\"isPartOf\":{\"@id\":\"https:\\\/\\\/allergisidan.nu\\\/recept\\\/#website\"},\"primaryImageOfPage\":{\"@id\":\"https:\\\/\\\/allergisidan.nu\\\/recept\\\/allergi\\\/pollen-korsreaktioner\\\/#primaryimage\"},\"image\":{\"@id\":\"https:\\\/\\\/allergisidan.nu\\\/recept\\\/allergi\\\/pollen-korsreaktioner\\\/#primaryimage\"},\"thumbnailUrl\":\"http:\\\/\\\/impse.tradedoubler.com\\\/imp?type(inv)g(24588384)a(129101)\",\"datePublished\":\"2020-07-04T07:17:58+00:00\",\"dateModified\":\"2020-07-05T09:26:48+00:00\",\"breadcrumb\":{\"@id\":\"https:\\\/\\\/allergisidan.nu\\\/recept\\\/allergi\\\/pollen-korsreaktioner\\\/#breadcrumb\"},\"inLanguage\":\"sv-SE\",\"potentialAction\":[{\"@type\":\"ReadAction\",\"target\":[\"https:\\\/\\\/allergisidan.nu\\\/recept\\\/allergi\\\/pollen-korsreaktioner\\\/\"]}]},{\"@type\":\"ImageObject\",\"inLanguage\":\"sv-SE\",\"@id\":\"https:\\\/\\\/allergisidan.nu\\\/recept\\\/allergi\\\/pollen-korsreaktioner\\\/#primaryimage\",\"url\":\"http:\\\/\\\/impse.tradedoubler.com\\\/imp?type(inv)g(24588384)a(129101)\",\"contentUrl\":\"http:\\\/\\\/impse.tradedoubler.com\\\/imp?type(inv)g(24588384)a(129101)\"},{\"@type\":\"BreadcrumbList\",\"@id\":\"https:\\\/\\\/allergisidan.nu\\\/recept\\\/allergi\\\/pollen-korsreaktioner\\\/#breadcrumb\",\"itemListElement\":[{\"@type\":\"ListItem\",\"position\":1,\"name\":\"Hem\",\"item\":\"https:\\\/\\\/allergisidan.nu\\\/recept\\\/\"},{\"@type\":\"ListItem\",\"position\":2,\"name\":\"Om allergi\",\"item\":\"https:\\\/\\\/allergisidan.nu\\\/recept\\\/allergi\\\/\"},{\"@type\":\"ListItem\",\"position\":3,\"name\":\"Pollen &#038; korsreaktioner\"}]},{\"@type\":\"WebSite\",\"@id\":\"https:\\\/\\\/allergisidan.nu\\\/recept\\\/#website\",\"url\":\"https:\\\/\\\/allergisidan.nu\\\/recept\\\/\",\"name\":\"ALLERGISIDAN\",\"description\":\"Recept f\u00f6r dig som \u00e4r allergisk mot mj\u00f6lk, soja, n\u00f6tter, mandel och \u00e4gg\",\"potentialAction\":[{\"@type\":\"SearchAction\",\"target\":{\"@type\":\"EntryPoint\",\"urlTemplate\":\"https:\\\/\\\/allergisidan.nu\\\/recept\\\/?s={search_term_string}\"},\"query-input\":{\"@type\":\"PropertyValueSpecification\",\"valueRequired\":true,\"valueName\":\"search_term_string\"}}],\"inLanguage\":\"sv-SE\"}]}<\/script>\n<!-- \/ Yoast SEO plugin. -->","yoast_head_json":{"title":"Pollen & korsreaktioner - ALLERGISIDAN","robots":{"index":"index","follow":"follow","max-snippet":"max-snippet:-1","max-image-preview":"max-image-preview:large","max-video-preview":"max-video-preview:-1"},"canonical":"https:\/\/allergisidan.nu\/recept\/allergi\/pollen-korsreaktioner\/","og_locale":"sv_SE","og_type":"article","og_title":"Pollen & korsreaktioner - ALLERGISIDAN","og_description":"Pollenallergi Symptomen vid pollenallergi kan vara exempelvis astma och h\u00f6snuva, ibland \u00e4ven med eksem och utslag. Det \u00e4r vanligt att man reagerar med kliande och &hellip;","og_url":"https:\/\/allergisidan.nu\/recept\/allergi\/pollen-korsreaktioner\/","og_site_name":"ALLERGISIDAN","article_publisher":"https:\/\/www.facebook.com\/allergisidan\/","article_modified_time":"2020-07-05T09:26:48+00:00","og_image":[{"url":"http:\/\/impse.tradedoubler.com\/imp?type(inv)g(24588384)a(129101)","type":"","width":"","height":""}],"twitter_card":"summary_large_image","twitter_misc":{"Ber\u00e4knad l\u00e4stid":"2 minuter"},"schema":{"@context":"https:\/\/schema.org","@graph":[{"@type":"WebPage","@id":"https:\/\/allergisidan.nu\/recept\/allergi\/pollen-korsreaktioner\/","url":"https:\/\/allergisidan.nu\/recept\/allergi\/pollen-korsreaktioner\/","name":"Pollen & korsreaktioner - ALLERGISIDAN","isPartOf":{"@id":"https:\/\/allergisidan.nu\/recept\/#website"},"primaryImageOfPage":{"@id":"https:\/\/allergisidan.nu\/recept\/allergi\/pollen-korsreaktioner\/#primaryimage"},"image":{"@id":"https:\/\/allergisidan.nu\/recept\/allergi\/pollen-korsreaktioner\/#primaryimage"},"thumbnailUrl":"http:\/\/impse.tradedoubler.com\/imp?type(inv)g(24588384)a(129101)","datePublished":"2020-07-04T07:17:58+00:00","dateModified":"2020-07-05T09:26:48+00:00","breadcrumb":{"@id":"https:\/\/allergisidan.nu\/recept\/allergi\/pollen-korsreaktioner\/#breadcrumb"},"inLanguage":"sv-SE","potentialAction":[{"@type":"ReadAction","target":["https:\/\/allergisidan.nu\/recept\/allergi\/pollen-korsreaktioner\/"]}]},{"@type":"ImageObject","inLanguage":"sv-SE","@id":"https:\/\/allergisidan.nu\/recept\/allergi\/pollen-korsreaktioner\/#primaryimage","url":"http:\/\/impse.tradedoubler.com\/imp?type(inv)g(24588384)a(129101)","contentUrl":"http:\/\/impse.tradedoubler.com\/imp?type(inv)g(24588384)a(129101)"},{"@type":"BreadcrumbList","@id":"https:\/\/allergisidan.nu\/recept\/allergi\/pollen-korsreaktioner\/#breadcrumb","itemListElement":[{"@type":"ListItem","position":1,"name":"Hem","item":"https:\/\/allergisidan.nu\/recept\/"},{"@type":"ListItem","position":2,"name":"Om allergi","item":"https:\/\/allergisidan.nu\/recept\/allergi\/"},{"@type":"ListItem","position":3,"name":"Pollen &#038; korsreaktioner"}]},{"@type":"WebSite","@id":"https:\/\/allergisidan.nu\/recept\/#website","url":"https:\/\/allergisidan.nu\/recept\/","name":"ALLERGISIDAN","description":"Recept f\u00f6r dig som \u00e4r allergisk mot mj\u00f6lk, soja, n\u00f6tter, mandel och \u00e4gg","potentialAction":[{"@type":"SearchAction","target":{"@type":"EntryPoint","urlTemplate":"https:\/\/allergisidan.nu\/recept\/?s={search_term_string}"},"query-input":{"@type":"PropertyValueSpecification","valueRequired":true,"valueName":"search_term_string"}}],"inLanguage":"sv-SE"}]}},"jetpack_sharing_enabled":true,"_links":{"self":[{"href":"https:\/\/allergisidan.nu\/recept\/wp-json\/wp\/v2\/pages\/1701","targetHints":{"allow":["GET"]}}],"collection":[{"href":"https:\/\/allergisidan.nu\/recept\/wp-json\/wp\/v2\/pages"}],"about":[{"href":"https:\/\/allergisidan.nu\/recept\/wp-json\/wp\/v2\/types\/page"}],"author":[{"embeddable":true,"href":"https:\/\/allergisidan.nu\/recept\/wp-json\/wp\/v2\/users\/1"}],"replies":[{"embeddable":true,"href":"https:\/\/allergisidan.nu\/recept\/wp-json\/wp\/v2\/comments?post=1701"}],"version-history":[{"count":7,"href":"https:\/\/allergisidan.nu\/recept\/wp-json\/wp\/v2\/pages\/1701\/revisions"}],"predecessor-version":[{"id":1744,"href":"https:\/\/allergisidan.nu\/recept\/wp-json\/wp\/v2\/pages\/1701\/revisions\/1744"}],"up":[{"embeddable":true,"href":"https:\/\/allergisidan.nu\/recept\/wp-json\/wp\/v2\/pages\/864"}],"wp:attachment":[{"href":"https:\/\/allergisidan.nu\/recept\/wp-json\/wp\/v2\/media?parent=1701"}],"curies":[{"name":"wp","href":"https:\/\/api.w.org\/{rel}","templated":true}]}}